{"id":578,"date":"2025-11-25T22:04:05","date_gmt":"2025-11-25T22:04:05","guid":{"rendered":"https:\/\/biofarmax.com.br\/?post_type=product&#038;p=578"},"modified":"2025-12-02T20:55:45","modified_gmt":"2025-12-02T20:55:45","slug":"gloss-any-red","status":"publish","type":"product","link":"https:\/\/biofarmax.com.br\/index.php\/produto\/gloss-any-red\/","title":{"rendered":"Gloss Any Red"},"content":{"rendered":"<p>Gloss Labial Any Red- entrega aquele brilho radiante que destaca os l\u00e1bios na medida certa. Com textura confort\u00e1vel, n\u00e3o pegajosa e super hidratante.<\/p>\n","protected":false},"excerpt":{"rendered":"<p>Gloss Labial Any Red- entrega aquele brilho radiante que destaca os l\u00e1bios na medida certa. Com textura confort\u00e1vel, n\u00e3o pegajosa e super hidratante.<\/p>\n","protected":false},"featured_media":579,"comment_status":"open","ping_status":"closed","template":"","meta":[],"product_brand":[28],"product_cat":[18],"product_tag":[42],"class_list":{"0":"post-578","1":"product","2":"type-product","3":"status-publish","4":"has-post-thumbnail","6":"product_brand-biobeauty","7":"product_cat-sem-categoria","8":"product_tag-biobeauty","10":"first","11":"instock","12":"shipping-taxable","13":"purchasable","14":"product-type-simple"},"_links":{"self":[{"href":"https:\/\/biofarmax.com.br\/index.php\/wp-json\/wp\/v2\/product\/578","targetHints":{"allow":["GET"]}}],"collection":[{"href":"https:\/\/biofarmax.com.br\/index.php\/wp-json\/wp\/v2\/product"}],"about":[{"href":"https:\/\/biofarmax.com.br\/index.php\/wp-json\/wp\/v2\/types\/product"}],"replies":[{"embeddable":true,"href":"https:\/\/biofarmax.com.br\/index.php\/wp-json\/wp\/v2\/comments?post=578"}],"wp:featuredmedia":[{"embeddable":true,"href":"https:\/\/biofarmax.com.br\/index.php\/wp-json\/wp\/v2\/media\/579"}],"wp:attachment":[{"href":"https:\/\/biofarmax.com.br\/index.php\/wp-json\/wp\/v2\/media?parent=578"}],"wp:term":[{"taxonomy":"product_brand","embeddable":true,"href":"https:\/\/biofarmax.com.br\/index.php\/wp-json\/wp\/v2\/product_brand?post=578"},{"taxonomy":"product_cat","embeddable":true,"href":"https:\/\/biofarmax.com.br\/index.php\/wp-json\/wp\/v2\/product_cat?post=578"},{"taxonomy":"product_tag","embeddable":true,"href":"https:\/\/biofarmax.com.br\/index.php\/wp-json\/wp\/v2\/product_tag?post=578"}],"curies":[{"name":"wp","href":"https:\/\/api.w.org\/{rel}","templated":true}]}}