{"id":574,"date":"2025-11-25T22:01:38","date_gmt":"2025-11-25T22:01:38","guid":{"rendered":"https:\/\/biofarmax.com.br\/?post_type=product&#038;p=574"},"modified":"2025-12-01T17:21:45","modified_gmt":"2025-12-01T17:21:45","slug":"creme-lifting-peptide","status":"publish","type":"product","link":"https:\/\/biofarmax.com.br\/index.php\/produto\/creme-lifting-peptide\/","title":{"rendered":"Creme Lifting Peptide"},"content":{"rendered":"<p>Creme Lifting para a \u00e1rea dos olhos foi formulado para proporcionar um efeito tensor imediato e tratamento profundo. Sua combina\u00e7\u00e3o de ativos firmadores, hidratantes e iluminadores e reduz sinais de cansa\u00e7o e promove um olhar mais jovem e descansado.<\/p>\n","protected":false},"excerpt":{"rendered":"<p>Creme Lifting para a \u00e1rea dos olhos foi formulado para proporcionar um efeito tensor imediato e tratamento profundo. Sua combina\u00e7\u00e3o de ativos firmadores, hidratantes e iluminadores e reduz sinais de cansa\u00e7o e promove um olhar mais jovem e descansado.<\/p>\n","protected":false},"featured_media":575,"comment_status":"open","ping_status":"closed","template":"","meta":[],"product_brand":[28],"product_cat":[18],"product_tag":[42],"class_list":{"0":"post-574","1":"product","2":"type-product","3":"status-publish","4":"has-post-thumbnail","6":"product_brand-biobeauty","7":"product_cat-sem-categoria","8":"product_tag-biobeauty","10":"first","11":"instock","12":"shipping-taxable","13":"purchasable","14":"product-type-simple"},"_links":{"self":[{"href":"https:\/\/biofarmax.com.br\/index.php\/wp-json\/wp\/v2\/product\/574","targetHints":{"allow":["GET"]}}],"collection":[{"href":"https:\/\/biofarmax.com.br\/index.php\/wp-json\/wp\/v2\/product"}],"about":[{"href":"https:\/\/biofarmax.com.br\/index.php\/wp-json\/wp\/v2\/types\/product"}],"replies":[{"embeddable":true,"href":"https:\/\/biofarmax.com.br\/index.php\/wp-json\/wp\/v2\/comments?post=574"}],"wp:featuredmedia":[{"embeddable":true,"href":"https:\/\/biofarmax.com.br\/index.php\/wp-json\/wp\/v2\/media\/575"}],"wp:attachment":[{"href":"https:\/\/biofarmax.com.br\/index.php\/wp-json\/wp\/v2\/media?parent=574"}],"wp:term":[{"taxonomy":"product_brand","embeddable":true,"href":"https:\/\/biofarmax.com.br\/index.php\/wp-json\/wp\/v2\/product_brand?post=574"},{"taxonomy":"product_cat","embeddable":true,"href":"https:\/\/biofarmax.com.br\/index.php\/wp-json\/wp\/v2\/product_cat?post=574"},{"taxonomy":"product_tag","embeddable":true,"href":"https:\/\/biofarmax.com.br\/index.php\/wp-json\/wp\/v2\/product_tag?post=574"}],"curies":[{"name":"wp","href":"https:\/\/api.w.org\/{rel}","templated":true}]}}