{"id":572,"date":"2025-11-25T22:00:14","date_gmt":"2025-11-25T22:00:14","guid":{"rendered":"https:\/\/biofarmax.com.br\/?post_type=product&#038;p=572"},"modified":"2025-12-01T17:38:08","modified_gmt":"2025-12-01T17:38:08","slug":"serum-renovage","status":"publish","type":"product","link":"https:\/\/biofarmax.com.br\/index.php\/produto\/serum-renovage\/","title":{"rendered":"Serum Renovage"},"content":{"rendered":"<p>S\u00e9rum renovage \u00e9 um tratamento avan\u00e7ado que age diretamente nos sinais de envelhecimento, promovendo renova\u00e7\u00e3o celular, frmeza e equil\u00edbrio da pele. Com textura leve e r\u00e1pida absor\u00e7\u00e3o, ele entrega resultados vis\u00edveis desde as primeiras aplica\u00e7\u00f5es.<\/p>\n","protected":false},"excerpt":{"rendered":"<p>S\u00e9rum renovage \u00e9 um tratamento avan\u00e7ado que age diretamente nos sinais de envelhecimento, promovendo renova\u00e7\u00e3o celular, frmeza e equil\u00edbrio da pele. Com textura leve e r\u00e1pida absor\u00e7\u00e3o, ele entrega resultados vis\u00edveis desde as primeiras aplica\u00e7\u00f5es.<\/p>\n","protected":false},"featured_media":573,"comment_status":"open","ping_status":"closed","template":"","meta":[],"product_brand":[28],"product_cat":[18],"product_tag":[42],"class_list":{"0":"post-572","1":"product","2":"type-product","3":"status-publish","4":"has-post-thumbnail","6":"product_brand-biobeauty","7":"product_cat-sem-categoria","8":"product_tag-biobeauty","10":"first","11":"instock","12":"shipping-taxable","13":"purchasable","14":"product-type-simple"},"_links":{"self":[{"href":"https:\/\/biofarmax.com.br\/index.php\/wp-json\/wp\/v2\/product\/572","targetHints":{"allow":["GET"]}}],"collection":[{"href":"https:\/\/biofarmax.com.br\/index.php\/wp-json\/wp\/v2\/product"}],"about":[{"href":"https:\/\/biofarmax.com.br\/index.php\/wp-json\/wp\/v2\/types\/product"}],"replies":[{"embeddable":true,"href":"https:\/\/biofarmax.com.br\/index.php\/wp-json\/wp\/v2\/comments?post=572"}],"wp:featuredmedia":[{"embeddable":true,"href":"https:\/\/biofarmax.com.br\/index.php\/wp-json\/wp\/v2\/media\/573"}],"wp:attachment":[{"href":"https:\/\/biofarmax.com.br\/index.php\/wp-json\/wp\/v2\/media?parent=572"}],"wp:term":[{"taxonomy":"product_brand","embeddable":true,"href":"https:\/\/biofarmax.com.br\/index.php\/wp-json\/wp\/v2\/product_brand?post=572"},{"taxonomy":"product_cat","embeddable":true,"href":"https:\/\/biofarmax.com.br\/index.php\/wp-json\/wp\/v2\/product_cat?post=572"},{"taxonomy":"product_tag","embeddable":true,"href":"https:\/\/biofarmax.com.br\/index.php\/wp-json\/wp\/v2\/product_tag?post=572"}],"curies":[{"name":"wp","href":"https:\/\/api.w.org\/{rel}","templated":true}]}}