{"id":568,"date":"2025-11-25T21:58:22","date_gmt":"2025-11-25T21:58:22","guid":{"rendered":"https:\/\/biofarmax.com.br\/?post_type=product&#038;p=568"},"modified":"2025-12-01T17:57:45","modified_gmt":"2025-12-01T17:57:45","slug":"agua-thermal","status":"publish","type":"product","link":"https:\/\/biofarmax.com.br\/index.php\/produto\/agua-thermal\/","title":{"rendered":"\u00c1gua Thermal"},"content":{"rendered":"<p>A \u00e1gua thermal \u00e9 um cuidado essencial para quem busca hidratar, acalmar e revitalizar a pele em qualquer momento do dia. Ela oferece um toque de frescor imediato, reduz vermelhid\u00e3o e devolve o vi\u00e7o natural da pele.<\/p>\n","protected":false},"excerpt":{"rendered":"<p>A \u00e1gua thermal \u00e9 um cuidado essencial para quem busca hidratar, acalmar e revitalizar a pele em qualquer momento do dia. Ela oferece um toque de frescor imediato, reduz vermelhid\u00e3o e devolve o vi\u00e7o natural da pele.<\/p>\n","protected":false},"featured_media":569,"comment_status":"open","ping_status":"closed","template":"","meta":[],"product_brand":[28],"product_cat":[18],"product_tag":[42],"class_list":{"0":"post-568","1":"product","2":"type-product","3":"status-publish","4":"has-post-thumbnail","6":"product_brand-biobeauty","7":"product_cat-sem-categoria","8":"product_tag-biobeauty","10":"first","11":"instock","12":"shipping-taxable","13":"purchasable","14":"product-type-simple"},"_links":{"self":[{"href":"https:\/\/biofarmax.com.br\/index.php\/wp-json\/wp\/v2\/product\/568","targetHints":{"allow":["GET"]}}],"collection":[{"href":"https:\/\/biofarmax.com.br\/index.php\/wp-json\/wp\/v2\/product"}],"about":[{"href":"https:\/\/biofarmax.com.br\/index.php\/wp-json\/wp\/v2\/types\/product"}],"replies":[{"embeddable":true,"href":"https:\/\/biofarmax.com.br\/index.php\/wp-json\/wp\/v2\/comments?post=568"}],"wp:featuredmedia":[{"embeddable":true,"href":"https:\/\/biofarmax.com.br\/index.php\/wp-json\/wp\/v2\/media\/569"}],"wp:attachment":[{"href":"https:\/\/biofarmax.com.br\/index.php\/wp-json\/wp\/v2\/media?parent=568"}],"wp:term":[{"taxonomy":"product_brand","embeddable":true,"href":"https:\/\/biofarmax.com.br\/index.php\/wp-json\/wp\/v2\/product_brand?post=568"},{"taxonomy":"product_cat","embeddable":true,"href":"https:\/\/biofarmax.com.br\/index.php\/wp-json\/wp\/v2\/product_cat?post=568"},{"taxonomy":"product_tag","embeddable":true,"href":"https:\/\/biofarmax.com.br\/index.php\/wp-json\/wp\/v2\/product_tag?post=568"}],"curies":[{"name":"wp","href":"https:\/\/api.w.org\/{rel}","templated":true}]}}