{"id":566,"date":"2025-11-25T21:57:49","date_gmt":"2025-11-25T21:57:49","guid":{"rendered":"https:\/\/biofarmax.com.br\/?post_type=product&#038;p=566"},"modified":"2025-12-01T18:04:26","modified_gmt":"2025-12-01T18:04:26","slug":"magic-serum","status":"publish","type":"product","link":"https:\/\/biofarmax.com.br\/index.php\/produto\/magic-serum\/","title":{"rendered":"Magic Serum"},"content":{"rendered":"<p>O s\u00e9rum magic Antiacne foi desenvolvido para quem deseja controlar oleosidade, reduzir espinhas e previnir novas inflama\u00e7\u00f5es. Com f\u00f3rmula inteligente e leve, ele age diretamente\u00a0 no foco da acne, obstruindo os poros, secando les\u00f5es e equilibrando a pele sem ressecar.<\/p>\n","protected":false},"excerpt":{"rendered":"<p>O s\u00e9rum magic Antiacne foi desenvolvido para quem deseja controlar oleosidade, reduzir espinhas e previnir novas inflama\u00e7\u00f5es. Com f\u00f3rmula inteligente e leve, ele age diretamente\u00a0 no foco da acne, obstruindo os poros, secando les\u00f5es e equilibrando a pele sem ressecar.<\/p>\n","protected":false},"featured_media":567,"comment_status":"open","ping_status":"closed","template":"","meta":[],"product_brand":[28],"product_cat":[18],"product_tag":[42],"class_list":{"0":"post-566","1":"product","2":"type-product","3":"status-publish","4":"has-post-thumbnail","6":"product_brand-biobeauty","7":"product_cat-sem-categoria","8":"product_tag-biobeauty","10":"first","11":"instock","12":"shipping-taxable","13":"purchasable","14":"product-type-simple"},"_links":{"self":[{"href":"https:\/\/biofarmax.com.br\/index.php\/wp-json\/wp\/v2\/product\/566","targetHints":{"allow":["GET"]}}],"collection":[{"href":"https:\/\/biofarmax.com.br\/index.php\/wp-json\/wp\/v2\/product"}],"about":[{"href":"https:\/\/biofarmax.com.br\/index.php\/wp-json\/wp\/v2\/types\/product"}],"replies":[{"embeddable":true,"href":"https:\/\/biofarmax.com.br\/index.php\/wp-json\/wp\/v2\/comments?post=566"}],"wp:featuredmedia":[{"embeddable":true,"href":"https:\/\/biofarmax.com.br\/index.php\/wp-json\/wp\/v2\/media\/567"}],"wp:attachment":[{"href":"https:\/\/biofarmax.com.br\/index.php\/wp-json\/wp\/v2\/media?parent=566"}],"wp:term":[{"taxonomy":"product_brand","embeddable":true,"href":"https:\/\/biofarmax.com.br\/index.php\/wp-json\/wp\/v2\/product_brand?post=566"},{"taxonomy":"product_cat","embeddable":true,"href":"https:\/\/biofarmax.com.br\/index.php\/wp-json\/wp\/v2\/product_cat?post=566"},{"taxonomy":"product_tag","embeddable":true,"href":"https:\/\/biofarmax.com.br\/index.php\/wp-json\/wp\/v2\/product_tag?post=566"}],"curies":[{"name":"wp","href":"https:\/\/api.w.org\/{rel}","templated":true}]}}