{"id":558,"date":"2025-11-25T21:53:56","date_gmt":"2025-11-25T21:53:56","guid":{"rendered":"https:\/\/biofarmax.com.br\/?post_type=product&#038;p=558"},"modified":"2026-01-29T12:19:32","modified_gmt":"2026-01-29T12:19:32","slug":"biobase-fps-50","status":"publish","type":"product","link":"https:\/\/biofarmax.com.br\/index.php\/produto\/biobase-fps-50\/","title":{"rendered":"Biobase FPS 50"},"content":{"rendered":"<p>O Protetor Solar com cor une alta prote\u00e7\u00e3o contra raios UVA, UVB, e luz azul com uma cobertura leve e uniforme que disfar\u00e7a imper\u00e7\u00f5es e deixa pele com acabamento natural. Textura leve, n\u00e3o oleosa e perfeita para o dia a dia.<\/p>\n","protected":false},"excerpt":{"rendered":"<p>O Protetor Solar com cor une alta prote\u00e7\u00e3o contra raios UVA, UVB, e luz azul com uma cobertura leve e uniforme que disfar\u00e7a imper\u00e7\u00f5es e deixa pele com acabamento natural. Textura leve, n\u00e3o oleosa e perfeita para o dia a dia.<\/p>\n","protected":false},"featured_media":559,"comment_status":"open","ping_status":"closed","template":"","meta":[],"product_brand":[28],"product_cat":[22],"product_tag":[42],"class_list":{"0":"post-558","1":"product","2":"type-product","3":"status-publish","4":"has-post-thumbnail","6":"product_brand-biobeauty","7":"product_cat-pele","8":"product_tag-biobeauty","10":"first","11":"instock","12":"shipping-taxable","13":"purchasable","14":"product-type-simple"},"_links":{"self":[{"href":"https:\/\/biofarmax.com.br\/index.php\/wp-json\/wp\/v2\/product\/558","targetHints":{"allow":["GET"]}}],"collection":[{"href":"https:\/\/biofarmax.com.br\/index.php\/wp-json\/wp\/v2\/product"}],"about":[{"href":"https:\/\/biofarmax.com.br\/index.php\/wp-json\/wp\/v2\/types\/product"}],"replies":[{"embeddable":true,"href":"https:\/\/biofarmax.com.br\/index.php\/wp-json\/wp\/v2\/comments?post=558"}],"wp:featuredmedia":[{"embeddable":true,"href":"https:\/\/biofarmax.com.br\/index.php\/wp-json\/wp\/v2\/media\/559"}],"wp:attachment":[{"href":"https:\/\/biofarmax.com.br\/index.php\/wp-json\/wp\/v2\/media?parent=558"}],"wp:term":[{"taxonomy":"product_brand","embeddable":true,"href":"https:\/\/biofarmax.com.br\/index.php\/wp-json\/wp\/v2\/product_brand?post=558"},{"taxonomy":"product_cat","embeddable":true,"href":"https:\/\/biofarmax.com.br\/index.php\/wp-json\/wp\/v2\/product_cat?post=558"},{"taxonomy":"product_tag","embeddable":true,"href":"https:\/\/biofarmax.com.br\/index.php\/wp-json\/wp\/v2\/product_tag?post=558"}],"curies":[{"name":"wp","href":"https:\/\/api.w.org\/{rel}","templated":true}]}}