{"id":418,"date":"2025-11-18T15:33:33","date_gmt":"2025-11-18T15:33:33","guid":{"rendered":"https:\/\/biofarmax.com.br\/?post_type=product&#038;p=418"},"modified":"2025-12-02T19:30:29","modified_gmt":"2025-12-02T19:30:29","slug":"biosupple-colageno-hidrolisado","status":"publish","type":"product","link":"https:\/\/biofarmax.com.br\/index.php\/produto\/biosupple-colageno-hidrolisado\/","title":{"rendered":"Col\u00e1geno Hidrolisado &#8211; Biosupple &#8211; 30 sach\u00eas"},"content":{"rendered":"<p><strong>Suplemento que melhora a firmeza e elasticidade da pele, reduz linhas finas de express\u00e3o. Ajuda a restaurar o t\u00f4nus cut\u00e2neo promovendo uma apar\u00eancia mais jovem.<\/strong><\/p>\n<p><strong>Quantidade:<\/strong> 30 sach\u00eas de 5g (150g Total)<\/p>\n<p><strong>Posologia:<\/strong> Ingerir 1 sach\u00ea por dia, dilu\u00eddos em 200ml de \u00e1gua ou suco.<\/p>\n<p><strong>Composi\u00e7\u00e3o:<\/strong> Col\u00e1geno, Vitamina C, Vitamina A, Zinco, Magn\u00e9sio, Biotina, Estabilizante: Citrato de S\u00f3dio, Acidulante: \u00c1cido C\u00edtrico, Aroma, Corante, Educolante: Sucralose, Antiumectante: Di\u00f3xido de Sil\u00edcio.<\/p>\n","protected":false},"excerpt":{"rendered":"<p>Suplemento que melhora a firmeza e elasticidade da pele, reduz linhas finas de express\u00e3o. Ajuda a restaurar o t\u00f4nus cut\u00e2neo promovendo uma apar\u00eancia mais jovem. Quantidade: 30 sach\u00eas de 5g (150g Total) Posologia: Ingerir 1 sach\u00ea por dia, dilu\u00eddos em 200ml de \u00e1gua ou suco. Composi\u00e7\u00e3o: Col\u00e1geno, Vitamina C, Vitamina A, Zinco, Magn\u00e9sio, Biotina, Estabilizante: [&hellip;]<\/p>\n","protected":false},"featured_media":419,"comment_status":"open","ping_status":"closed","template":"","meta":[],"product_brand":[],"product_cat":[20,21],"product_tag":[],"class_list":{"0":"post-418","1":"product","2":"type-product","3":"status-publish","4":"has-post-thumbnail","6":"product_cat-bem-estar","7":"product_cat-saude","9":"first","10":"instock","11":"shipping-taxable","12":"purchasable","13":"product-type-simple"},"_links":{"self":[{"href":"https:\/\/biofarmax.com.br\/index.php\/wp-json\/wp\/v2\/product\/418","targetHints":{"allow":["GET"]}}],"collection":[{"href":"https:\/\/biofarmax.com.br\/index.php\/wp-json\/wp\/v2\/product"}],"about":[{"href":"https:\/\/biofarmax.com.br\/index.php\/wp-json\/wp\/v2\/types\/product"}],"replies":[{"embeddable":true,"href":"https:\/\/biofarmax.com.br\/index.php\/wp-json\/wp\/v2\/comments?post=418"}],"wp:featuredmedia":[{"embeddable":true,"href":"https:\/\/biofarmax.com.br\/index.php\/wp-json\/wp\/v2\/media\/419"}],"wp:attachment":[{"href":"https:\/\/biofarmax.com.br\/index.php\/wp-json\/wp\/v2\/media?parent=418"}],"wp:term":[{"taxonomy":"product_brand","embeddable":true,"href":"https:\/\/biofarmax.com.br\/index.php\/wp-json\/wp\/v2\/product_brand?post=418"},{"taxonomy":"product_cat","embeddable":true,"href":"https:\/\/biofarmax.com.br\/index.php\/wp-json\/wp\/v2\/product_cat?post=418"},{"taxonomy":"product_tag","embeddable":true,"href":"https:\/\/biofarmax.com.br\/index.php\/wp-json\/wp\/v2\/product_tag?post=418"}],"curies":[{"name":"wp","href":"https:\/\/api.w.org\/{rel}","templated":true}]}}