{"id":415,"date":"2025-11-18T15:29:49","date_gmt":"2025-11-18T15:29:49","guid":{"rendered":"https:\/\/biofarmax.com.br\/?post_type=product&#038;p=415"},"modified":"2025-12-02T19:31:08","modified_gmt":"2025-12-02T19:31:08","slug":"biosupple-suplemento-alimentar","status":"publish","type":"product","link":"https:\/\/biofarmax.com.br\/index.php\/produto\/biosupple-suplemento-alimentar\/","title":{"rendered":"SADE  &#8211; Guaran\u00e1 &#8211; Biosupple 60 sach\u00eas"},"content":{"rendered":"<p><strong>C<\/strong><strong>omposto de vitaminas e minerais enriquecido com guaran\u00e1 em p\u00f3. Seus componentes s\u00e3o antioxidantes, isto \u00e9, evitam a forma\u00e7\u00e3o de radicais livres (que s\u00e3o respons\u00e1veis por uma s\u00e9rie de doen\u00e7as degenerativas e do envelhecimento precoce), al\u00e9m de combater o stress e provocar um aumento de energia e vitalidade<\/strong><\/p>\n<p><strong>Quantidade:<\/strong> 60 Sach\u00eas de 2,5g (150g Total)<\/p>\n<p><strong>Posologia:<\/strong> Ingerir 2 sach\u00eas por dia, dilu\u00eddos em \u00e1gua ou suco.<\/p>\n<p><strong>Composi\u00e7\u00e3o:<\/strong> Guaran\u00e1 em p\u00f3, maltodextrina, \u00e1cido asc\u00f3rbico (Vitamina C), alfa Tocoferol acetato (Vitamina E), Piridoxina (Vitamina B6), Tiamina (Vitamina B1), Vitamina A acetato, Picolinato de cromo, Biotina Ubidecarenona (Coenzima Q10), Licopeno (Lycopersicum esculentum), Pinus pinaster (Pinus maritima), Antiumectante (di\u00f3xido de sil\u00edcio), ado\u00e7ante diet\u00e9tico (sucralose).<\/p>\n","protected":false},"excerpt":{"rendered":"<p>Composto de vitaminas e minerais enriquecido com guaran\u00e1 em p\u00f3. Seus componentes s\u00e3o antioxidantes, isto \u00e9, evitam a forma\u00e7\u00e3o de radicais livres (que s\u00e3o respons\u00e1veis por uma s\u00e9rie de doen\u00e7as degenerativas e do envelhecimento precoce), al\u00e9m de combater o stress e provocar um aumento de energia e vitalidade Quantidade: 60 Sach\u00eas de 2,5g (150g Total) [&hellip;]<\/p>\n","protected":false},"featured_media":416,"comment_status":"open","ping_status":"closed","template":"","meta":[],"product_brand":[],"product_cat":[20,21],"product_tag":[],"class_list":{"0":"post-415","1":"product","2":"type-product","3":"status-publish","4":"has-post-thumbnail","6":"product_cat-bem-estar","7":"product_cat-saude","9":"first","10":"instock","11":"shipping-taxable","12":"purchasable","13":"product-type-simple"},"_links":{"self":[{"href":"https:\/\/biofarmax.com.br\/index.php\/wp-json\/wp\/v2\/product\/415","targetHints":{"allow":["GET"]}}],"collection":[{"href":"https:\/\/biofarmax.com.br\/index.php\/wp-json\/wp\/v2\/product"}],"about":[{"href":"https:\/\/biofarmax.com.br\/index.php\/wp-json\/wp\/v2\/types\/product"}],"replies":[{"embeddable":true,"href":"https:\/\/biofarmax.com.br\/index.php\/wp-json\/wp\/v2\/comments?post=415"}],"wp:featuredmedia":[{"embeddable":true,"href":"https:\/\/biofarmax.com.br\/index.php\/wp-json\/wp\/v2\/media\/416"}],"wp:attachment":[{"href":"https:\/\/biofarmax.com.br\/index.php\/wp-json\/wp\/v2\/media?parent=415"}],"wp:term":[{"taxonomy":"product_brand","embeddable":true,"href":"https:\/\/biofarmax.com.br\/index.php\/wp-json\/wp\/v2\/product_brand?post=415"},{"taxonomy":"product_cat","embeddable":true,"href":"https:\/\/biofarmax.com.br\/index.php\/wp-json\/wp\/v2\/product_cat?post=415"},{"taxonomy":"product_tag","embeddable":true,"href":"https:\/\/biofarmax.com.br\/index.php\/wp-json\/wp\/v2\/product_tag?post=415"}],"curies":[{"name":"wp","href":"https:\/\/api.w.org\/{rel}","templated":true}]}}