{"id":413,"date":"2025-11-18T15:20:50","date_gmt":"2025-11-18T15:20:50","guid":{"rendered":"https:\/\/biofarmax.com.br\/?post_type=product&#038;p=413"},"modified":"2026-01-29T19:59:21","modified_gmt":"2026-01-29T19:59:21","slug":"lecitina-de-soja-em-capsulas","status":"publish","type":"product","link":"https:\/\/biofarmax.com.br\/index.php\/produto\/lecitina-de-soja-em-capsulas\/","title":{"rendered":"Lecitina de Soja 500mg 60 C\u00e1psulas"},"content":{"rendered":"<p><strong>Descri\u00e7\u00e3o:<\/strong> A lecitina de soja auxilia no controle do colesterol, na sa\u00fade do c\u00e9rebro e na reposi\u00e7\u00e3o hormonal, al\u00e9m de ser usada como adjuvante em dietas para controle de peso e para aliviar sintomas da menopausa. Ela tamb\u00e9m possui a\u00e7\u00e3o antioxidante e pode ajudar a melhorar o funcionamento do f\u00edgado.<\/p>\n<p><strong>Quantidade:<\/strong> 60 Capsulas<\/p>\n<p><strong>Posologia:<\/strong> Tomar 2 Capsulas, 1 a 2 vezes ao dia junto \u00e0s refei\u00e7\u00f5es<\/p>\n<p><strong>Composi\u00e7\u00e3o:<\/strong> Lecitina de Soja 500mg<\/p>\n","protected":false},"excerpt":{"rendered":"<p>Descri\u00e7\u00e3o: A lecitina de soja auxilia no controle do colesterol, na sa\u00fade do c\u00e9rebro e na reposi\u00e7\u00e3o hormonal, al\u00e9m de ser usada como adjuvante em dietas para controle de peso e para aliviar sintomas da menopausa. Ela tamb\u00e9m possui a\u00e7\u00e3o antioxidante e pode ajudar a melhorar o funcionamento do f\u00edgado. Quantidade: 60 Capsulas Posologia: Tomar [&hellip;]<\/p>\n","protected":false},"featured_media":414,"comment_status":"open","ping_status":"closed","template":"","meta":[],"product_brand":[],"product_cat":[20,21],"product_tag":[],"class_list":{"0":"post-413","1":"product","2":"type-product","3":"status-publish","4":"has-post-thumbnail","6":"product_cat-bem-estar","7":"product_cat-saude","9":"first","10":"instock","11":"shipping-taxable","12":"purchasable","13":"product-type-simple"},"_links":{"self":[{"href":"https:\/\/biofarmax.com.br\/index.php\/wp-json\/wp\/v2\/product\/413","targetHints":{"allow":["GET"]}}],"collection":[{"href":"https:\/\/biofarmax.com.br\/index.php\/wp-json\/wp\/v2\/product"}],"about":[{"href":"https:\/\/biofarmax.com.br\/index.php\/wp-json\/wp\/v2\/types\/product"}],"replies":[{"embeddable":true,"href":"https:\/\/biofarmax.com.br\/index.php\/wp-json\/wp\/v2\/comments?post=413"}],"wp:featuredmedia":[{"embeddable":true,"href":"https:\/\/biofarmax.com.br\/index.php\/wp-json\/wp\/v2\/media\/414"}],"wp:attachment":[{"href":"https:\/\/biofarmax.com.br\/index.php\/wp-json\/wp\/v2\/media?parent=413"}],"wp:term":[{"taxonomy":"product_brand","embeddable":true,"href":"https:\/\/biofarmax.com.br\/index.php\/wp-json\/wp\/v2\/product_brand?post=413"},{"taxonomy":"product_cat","embeddable":true,"href":"https:\/\/biofarmax.com.br\/index.php\/wp-json\/wp\/v2\/product_cat?post=413"},{"taxonomy":"product_tag","embeddable":true,"href":"https:\/\/biofarmax.com.br\/index.php\/wp-json\/wp\/v2\/product_tag?post=413"}],"curies":[{"name":"wp","href":"https:\/\/api.w.org\/{rel}","templated":true}]}}