{"id":411,"date":"2025-11-18T15:17:25","date_gmt":"2025-11-18T15:17:25","guid":{"rendered":"https:\/\/biofarmax.com.br\/?post_type=product&#038;p=411"},"modified":"2026-01-29T19:05:22","modified_gmt":"2026-01-29T19:05:22","slug":"guarana-em-capsulas","status":"publish","type":"product","link":"https:\/\/biofarmax.com.br\/index.php\/produto\/guarana-em-capsulas\/","title":{"rendered":"Guaran\u00e1 500mg 60 C\u00e1psulas"},"content":{"rendered":"<p>As c\u00e1psulas de guaran\u00e1 fornecem energia e disposi\u00e7\u00e3o, aumentar o foco e a concentra\u00e7\u00e3o, e melhorar o desempenho f\u00edsico e mental. Por serem fonte natural de cafe\u00edna, auxiliam no combate \u00e0 fadiga, melhoram o humor, e podem contribuir para a queima de gordura.<\/p>\n<p><strong>Quantidade:<\/strong> 60 Capsulas<\/p>\n<p><strong>Posologia:<\/strong> Tomar 1 Capsula, 2 a 3 vezes ao dia<\/p>\n<p><strong>Composi\u00e7\u00e3o:<\/strong> Guaran\u00e1 500mg<\/p>\n","protected":false},"excerpt":{"rendered":"<p>As c\u00e1psulas de guaran\u00e1 fornecem energia e disposi\u00e7\u00e3o, aumentar o foco e a concentra\u00e7\u00e3o, e melhorar o desempenho f\u00edsico e mental. Por serem fonte natural de cafe\u00edna, auxiliam no combate \u00e0 fadiga, melhoram o humor, e podem contribuir para a queima de gordura. Quantidade: 60 Capsulas Posologia: Tomar 1 Capsula, 2 a 3 vezes ao [&hellip;]<\/p>\n","protected":false},"featured_media":412,"comment_status":"open","ping_status":"closed","template":"","meta":[],"product_brand":[],"product_cat":[20],"product_tag":[],"class_list":{"0":"post-411","1":"product","2":"type-product","3":"status-publish","4":"has-post-thumbnail","6":"product_cat-bem-estar","8":"first","9":"instock","10":"shipping-taxable","11":"purchasable","12":"product-type-simple"},"_links":{"self":[{"href":"https:\/\/biofarmax.com.br\/index.php\/wp-json\/wp\/v2\/product\/411","targetHints":{"allow":["GET"]}}],"collection":[{"href":"https:\/\/biofarmax.com.br\/index.php\/wp-json\/wp\/v2\/product"}],"about":[{"href":"https:\/\/biofarmax.com.br\/index.php\/wp-json\/wp\/v2\/types\/product"}],"replies":[{"embeddable":true,"href":"https:\/\/biofarmax.com.br\/index.php\/wp-json\/wp\/v2\/comments?post=411"}],"wp:featuredmedia":[{"embeddable":true,"href":"https:\/\/biofarmax.com.br\/index.php\/wp-json\/wp\/v2\/media\/412"}],"wp:attachment":[{"href":"https:\/\/biofarmax.com.br\/index.php\/wp-json\/wp\/v2\/media?parent=411"}],"wp:term":[{"taxonomy":"product_brand","embeddable":true,"href":"https:\/\/biofarmax.com.br\/index.php\/wp-json\/wp\/v2\/product_brand?post=411"},{"taxonomy":"product_cat","embeddable":true,"href":"https:\/\/biofarmax.com.br\/index.php\/wp-json\/wp\/v2\/product_cat?post=411"},{"taxonomy":"product_tag","embeddable":true,"href":"https:\/\/biofarmax.com.br\/index.php\/wp-json\/wp\/v2\/product_tag?post=411"}],"curies":[{"name":"wp","href":"https:\/\/api.w.org\/{rel}","templated":true}]}}