{"id":407,"date":"2025-11-18T15:10:30","date_gmt":"2025-11-18T15:10:30","guid":{"rendered":"https:\/\/biofarmax.com.br\/?post_type=product&#038;p=407"},"modified":"2026-01-29T12:23:11","modified_gmt":"2026-01-29T12:23:11","slug":"oleo-de-chia-em-capsulas","status":"publish","type":"product","link":"https:\/\/biofarmax.com.br\/index.php\/produto\/oleo-de-chia-em-capsulas\/","title":{"rendered":"C\u00e1psulas de \u00d3leo de Chia 500mg 60 C\u00e1psulas"},"content":{"rendered":"<p><strong>Auxiliar na sa\u00fade cardiovascular, ajudando a controlar o colesterol ruim (LDL) e aumentar o bom (HDL). Ele tamb\u00e9m \u00e9 ben\u00e9fico para o gerenciamento de peso, promovendo a saciedade e auxiliando na digest\u00e3o devido ao seu alto teor de fibras. Outros benef\u00edcios incluem fun\u00e7\u00e3o antioxidante, que protege contra o envelhecimento precoce, e o fortalecimento do sistema imunol\u00f3gico.<\/strong><\/p>\n<p><strong>Quantidade:<\/strong> 60 Capsulas<\/p>\n<p><strong>Posologia:<\/strong> Tomar 1 a 2 Capsulas ao dia antes do almo\u00e7o e janta.<\/p>\n<p><strong>Composi\u00e7\u00e3o:<\/strong> \u00d3leo de Chia 500mg<\/p>\n","protected":false},"excerpt":{"rendered":"<p>Auxiliar na sa\u00fade cardiovascular, ajudando a controlar o colesterol ruim (LDL) e aumentar o bom (HDL). Ele tamb\u00e9m \u00e9 ben\u00e9fico para o gerenciamento de peso, promovendo a saciedade e auxiliando na digest\u00e3o devido ao seu alto teor de fibras. Outros benef\u00edcios incluem fun\u00e7\u00e3o antioxidante, que protege contra o envelhecimento precoce, e o fortalecimento do sistema [&hellip;]<\/p>\n","protected":false},"featured_media":408,"comment_status":"open","ping_status":"closed","template":"","meta":[],"product_brand":[],"product_cat":[20,21],"product_tag":[],"class_list":{"0":"post-407","1":"product","2":"type-product","3":"status-publish","4":"has-post-thumbnail","6":"product_cat-bem-estar","7":"product_cat-saude","9":"first","10":"instock","11":"shipping-taxable","12":"purchasable","13":"product-type-simple"},"_links":{"self":[{"href":"https:\/\/biofarmax.com.br\/index.php\/wp-json\/wp\/v2\/product\/407","targetHints":{"allow":["GET"]}}],"collection":[{"href":"https:\/\/biofarmax.com.br\/index.php\/wp-json\/wp\/v2\/product"}],"about":[{"href":"https:\/\/biofarmax.com.br\/index.php\/wp-json\/wp\/v2\/types\/product"}],"replies":[{"embeddable":true,"href":"https:\/\/biofarmax.com.br\/index.php\/wp-json\/wp\/v2\/comments?post=407"}],"wp:featuredmedia":[{"embeddable":true,"href":"https:\/\/biofarmax.com.br\/index.php\/wp-json\/wp\/v2\/media\/408"}],"wp:attachment":[{"href":"https:\/\/biofarmax.com.br\/index.php\/wp-json\/wp\/v2\/media?parent=407"}],"wp:term":[{"taxonomy":"product_brand","embeddable":true,"href":"https:\/\/biofarmax.com.br\/index.php\/wp-json\/wp\/v2\/product_brand?post=407"},{"taxonomy":"product_cat","embeddable":true,"href":"https:\/\/biofarmax.com.br\/index.php\/wp-json\/wp\/v2\/product_cat?post=407"},{"taxonomy":"product_tag","embeddable":true,"href":"https:\/\/biofarmax.com.br\/index.php\/wp-json\/wp\/v2\/product_tag?post=407"}],"curies":[{"name":"wp","href":"https:\/\/api.w.org\/{rel}","templated":true}]}}