{"id":405,"date":"2025-11-18T15:08:03","date_gmt":"2025-11-18T15:08:03","guid":{"rendered":"https:\/\/biofarmax.com.br\/?post_type=product&#038;p=405"},"modified":"2026-01-29T12:23:55","modified_gmt":"2026-01-29T12:23:55","slug":"oleo-de-linhaca-em-capsulas","status":"publish","type":"product","link":"https:\/\/biofarmax.com.br\/index.php\/produto\/oleo-de-linhaca-em-capsulas\/","title":{"rendered":"C\u00e1psulas de \u00d3leo de Linha\u00e7a 500mg 60 C\u00e1psulas"},"content":{"rendered":"<p><strong>O \u00d3leo de Linha\u00e7a em c\u00e1psulas oferece diversos benef\u00edcios, como a melhoria da sa\u00fade cardiovascular (regula\u00e7\u00e3o de colesterol e press\u00e3o arterial), o al\u00edvio de sintomas da menopausa e TPM, o aux\u00edlio na sa\u00fade da pele, cabelos e unhas, e a melhora da fun\u00e7\u00e3o intestinal. \u00c9 uma boa fonte de \u00d4mega-3 e possui propriedades antioxidantes e anti-inflamat\u00f3rias.<\/strong><\/p>\n<p><strong>Quantidade:<\/strong> 60 Capsulas<\/p>\n<p><strong>Posologia:<\/strong> Tomar 2 a 4 Capsulas ao dia.<\/p>\n<p><strong>Composi\u00e7\u00e3o:<\/strong> \u00d3leo de Linha\u00e7a 500mg<\/p>\n","protected":false},"excerpt":{"rendered":"<p>O \u00d3leo de Linha\u00e7a em c\u00e1psulas oferece diversos benef\u00edcios, como a melhoria da sa\u00fade cardiovascular (regula\u00e7\u00e3o de colesterol e press\u00e3o arterial), o al\u00edvio de sintomas da menopausa e TPM, o aux\u00edlio na sa\u00fade da pele, cabelos e unhas, e a melhora da fun\u00e7\u00e3o intestinal. \u00c9 uma boa fonte de \u00d4mega-3 e possui propriedades antioxidantes e [&hellip;]<\/p>\n","protected":false},"featured_media":406,"comment_status":"open","ping_status":"closed","template":"","meta":[],"product_brand":[],"product_cat":[20,21],"product_tag":[],"class_list":{"0":"post-405","1":"product","2":"type-product","3":"status-publish","4":"has-post-thumbnail","6":"product_cat-bem-estar","7":"product_cat-saude","9":"first","10":"instock","11":"shipping-taxable","12":"purchasable","13":"product-type-simple"},"_links":{"self":[{"href":"https:\/\/biofarmax.com.br\/index.php\/wp-json\/wp\/v2\/product\/405","targetHints":{"allow":["GET"]}}],"collection":[{"href":"https:\/\/biofarmax.com.br\/index.php\/wp-json\/wp\/v2\/product"}],"about":[{"href":"https:\/\/biofarmax.com.br\/index.php\/wp-json\/wp\/v2\/types\/product"}],"replies":[{"embeddable":true,"href":"https:\/\/biofarmax.com.br\/index.php\/wp-json\/wp\/v2\/comments?post=405"}],"wp:featuredmedia":[{"embeddable":true,"href":"https:\/\/biofarmax.com.br\/index.php\/wp-json\/wp\/v2\/media\/406"}],"wp:attachment":[{"href":"https:\/\/biofarmax.com.br\/index.php\/wp-json\/wp\/v2\/media?parent=405"}],"wp:term":[{"taxonomy":"product_brand","embeddable":true,"href":"https:\/\/biofarmax.com.br\/index.php\/wp-json\/wp\/v2\/product_brand?post=405"},{"taxonomy":"product_cat","embeddable":true,"href":"https:\/\/biofarmax.com.br\/index.php\/wp-json\/wp\/v2\/product_cat?post=405"},{"taxonomy":"product_tag","embeddable":true,"href":"https:\/\/biofarmax.com.br\/index.php\/wp-json\/wp\/v2\/product_tag?post=405"}],"curies":[{"name":"wp","href":"https:\/\/api.w.org\/{rel}","templated":true}]}}