{"id":400,"date":"2025-11-18T15:02:44","date_gmt":"2025-11-18T15:02:44","guid":{"rendered":"https:\/\/biofarmax.com.br\/?post_type=product&#038;p=400"},"modified":"2025-12-02T19:50:00","modified_gmt":"2025-12-02T19:50:00","slug":"creme-refrescante-para-os-pes","status":"publish","type":"product","link":"https:\/\/biofarmax.com.br\/index.php\/produto\/creme-refrescante-para-os-pes\/","title":{"rendered":"Creme Refrescante para os P\u00e9s 50gr"},"content":{"rendered":"<p><strong>Hidrata profundamente, ativa a circula\u00e7\u00e3o dos p\u00e9s, relaxa e alivia dores com sensa\u00e7\u00e3o refrescante.<\/strong><\/p>\n<p><strong>Quantidade:<\/strong> 50g<\/p>\n<p>&nbsp;<\/p>\n<p><b>Modo de Usar:\u00a0<\/b>Aplicar nos p\u00e9s todas as noites.<\/p>\n<p>&nbsp;<\/p>\n<p><strong>Composi\u00e7\u00e3o:<\/strong> Mentol, \u00d3leo de Am\u00eandoas, \u00c1cido salic\u00edlico, Ureia<\/p>\n","protected":false},"excerpt":{"rendered":"<p>Hidrata profundamente, ativa a circula\u00e7\u00e3o dos p\u00e9s, relaxa e alivia dores com sensa\u00e7\u00e3o refrescante. Quantidade: 50g &nbsp; Modo de Usar:\u00a0Aplicar nos p\u00e9s todas as noites. &nbsp; Composi\u00e7\u00e3o: Mentol, \u00d3leo de Am\u00eandoas, \u00c1cido salic\u00edlico, Ureia<\/p>\n","protected":false},"featured_media":401,"comment_status":"open","ping_status":"closed","template":"","meta":[],"product_brand":[],"product_cat":[20,22],"product_tag":[],"class_list":{"0":"post-400","1":"product","2":"type-product","3":"status-publish","4":"has-post-thumbnail","6":"product_cat-bem-estar","7":"product_cat-pele","9":"first","10":"instock","11":"shipping-taxable","12":"purchasable","13":"product-type-simple"},"_links":{"self":[{"href":"https:\/\/biofarmax.com.br\/index.php\/wp-json\/wp\/v2\/product\/400","targetHints":{"allow":["GET"]}}],"collection":[{"href":"https:\/\/biofarmax.com.br\/index.php\/wp-json\/wp\/v2\/product"}],"about":[{"href":"https:\/\/biofarmax.com.br\/index.php\/wp-json\/wp\/v2\/types\/product"}],"replies":[{"embeddable":true,"href":"https:\/\/biofarmax.com.br\/index.php\/wp-json\/wp\/v2\/comments?post=400"}],"wp:featuredmedia":[{"embeddable":true,"href":"https:\/\/biofarmax.com.br\/index.php\/wp-json\/wp\/v2\/media\/401"}],"wp:attachment":[{"href":"https:\/\/biofarmax.com.br\/index.php\/wp-json\/wp\/v2\/media?parent=400"}],"wp:term":[{"taxonomy":"product_brand","embeddable":true,"href":"https:\/\/biofarmax.com.br\/index.php\/wp-json\/wp\/v2\/product_brand?post=400"},{"taxonomy":"product_cat","embeddable":true,"href":"https:\/\/biofarmax.com.br\/index.php\/wp-json\/wp\/v2\/product_cat?post=400"},{"taxonomy":"product_tag","embeddable":true,"href":"https:\/\/biofarmax.com.br\/index.php\/wp-json\/wp\/v2\/product_tag?post=400"}],"curies":[{"name":"wp","href":"https:\/\/api.w.org\/{rel}","templated":true}]}}