{"id":396,"date":"2025-11-18T14:56:30","date_gmt":"2025-11-18T14:56:30","guid":{"rendered":"https:\/\/biofarmax.com.br\/?post_type=product&#038;p=396"},"modified":"2026-01-29T12:18:57","modified_gmt":"2026-01-29T12:18:57","slug":"alcachofra-em-capsulas","status":"publish","type":"product","link":"https:\/\/biofarmax.com.br\/index.php\/produto\/alcachofra-em-capsulas\/","title":{"rendered":"Alcachofra 300mg 60 C\u00e1psulas"},"content":{"rendered":"<p><strong>Melhoraram a digest\u00e3o de gorduras, aliviar sintomas como gases e incha\u00e7o abdominal, ajuda na sa\u00fade do f\u00edgado ao estimular a produ\u00e7\u00e3o de bile. Al\u00e9m disso, podem auxiliar na redu\u00e7\u00e3o do colesterol e como coadjuvante em dietas para emagrecimento, contribuindo para o controle de peso.<\/strong><\/p>\n<p><strong>Quantidade:<\/strong> 60 Capsulas<\/p>\n<p><strong>Posologia:<\/strong> Tomar 1 a 2 Capsulas, ap\u00f3s as refei\u00e7\u00f5es<\/p>\n<p><strong>Composi\u00e7\u00e3o:<\/strong> Alcachofra 300mg<\/p>\n","protected":false},"excerpt":{"rendered":"<p>Melhoraram a digest\u00e3o de gorduras, aliviar sintomas como gases e incha\u00e7o abdominal, ajuda na sa\u00fade do f\u00edgado ao estimular a produ\u00e7\u00e3o de bile. Al\u00e9m disso, podem auxiliar na redu\u00e7\u00e3o do colesterol e como coadjuvante em dietas para emagrecimento, contribuindo para o controle de peso. Quantidade: 60 Capsulas Posologia: Tomar 1 a 2 Capsulas, ap\u00f3s as [&hellip;]<\/p>\n","protected":false},"featured_media":397,"comment_status":"open","ping_status":"closed","template":"","meta":[],"product_brand":[],"product_cat":[20,21],"product_tag":[],"class_list":{"0":"post-396","1":"product","2":"type-product","3":"status-publish","4":"has-post-thumbnail","6":"product_cat-bem-estar","7":"product_cat-saude","9":"first","10":"instock","11":"shipping-taxable","12":"purchasable","13":"product-type-simple"},"_links":{"self":[{"href":"https:\/\/biofarmax.com.br\/index.php\/wp-json\/wp\/v2\/product\/396","targetHints":{"allow":["GET"]}}],"collection":[{"href":"https:\/\/biofarmax.com.br\/index.php\/wp-json\/wp\/v2\/product"}],"about":[{"href":"https:\/\/biofarmax.com.br\/index.php\/wp-json\/wp\/v2\/types\/product"}],"replies":[{"embeddable":true,"href":"https:\/\/biofarmax.com.br\/index.php\/wp-json\/wp\/v2\/comments?post=396"}],"wp:featuredmedia":[{"embeddable":true,"href":"https:\/\/biofarmax.com.br\/index.php\/wp-json\/wp\/v2\/media\/397"}],"wp:attachment":[{"href":"https:\/\/biofarmax.com.br\/index.php\/wp-json\/wp\/v2\/media?parent=396"}],"wp:term":[{"taxonomy":"product_brand","embeddable":true,"href":"https:\/\/biofarmax.com.br\/index.php\/wp-json\/wp\/v2\/product_brand?post=396"},{"taxonomy":"product_cat","embeddable":true,"href":"https:\/\/biofarmax.com.br\/index.php\/wp-json\/wp\/v2\/product_cat?post=396"},{"taxonomy":"product_tag","embeddable":true,"href":"https:\/\/biofarmax.com.br\/index.php\/wp-json\/wp\/v2\/product_tag?post=396"}],"curies":[{"name":"wp","href":"https:\/\/api.w.org\/{rel}","templated":true}]}}