{"id":394,"date":"2025-11-18T14:54:40","date_gmt":"2025-11-18T14:54:40","guid":{"rendered":"https:\/\/biofarmax.com.br\/?post_type=product&#038;p=394"},"modified":"2026-01-29T12:24:55","modified_gmt":"2026-01-29T12:24:55","slug":"cascara-sagrada-em-capsulas","status":"publish","type":"product","link":"https:\/\/biofarmax.com.br\/index.php\/produto\/cascara-sagrada-em-capsulas\/","title":{"rendered":"Cascara Sagrada 300mg 60 C\u00e1psulas"},"content":{"rendered":"<p><strong>C\u00e1scara Sagrada (Rhamnus purshiana) \u00e9 um fitoter\u00e1pico com fun\u00e7\u00e3o laxativa. Sua a\u00e7\u00e3o faz com que os movimentos perist\u00e1lticos sejam aumentados, promovendo assim um aumento do transito intestinal.<\/strong><\/p>\n<p><strong>Quantidade:<\/strong> 60 C\u00e1psulas<\/p>\n<p><strong>Posologia:<\/strong> Tomar 1 a 2 C\u00e1psulas, 2 vezes ao dia<\/p>\n<p><strong>Composi\u00e7\u00e3o:<\/strong> Cascara Sagrada 300mg<\/p>\n","protected":false},"excerpt":{"rendered":"<p>C\u00e1scara Sagrada (Rhamnus purshiana) \u00e9 um fitoter\u00e1pico com fun\u00e7\u00e3o laxativa. Sua a\u00e7\u00e3o faz com que os movimentos perist\u00e1lticos sejam aumentados, promovendo assim um aumento do transito intestinal. Quantidade: 60 C\u00e1psulas Posologia: Tomar 1 a 2 C\u00e1psulas, 2 vezes ao dia Composi\u00e7\u00e3o: Cascara Sagrada 300mg<\/p>\n","protected":false},"featured_media":395,"comment_status":"open","ping_status":"closed","template":"","meta":[],"product_brand":[],"product_cat":[20,21],"product_tag":[],"class_list":{"0":"post-394","1":"product","2":"type-product","3":"status-publish","4":"has-post-thumbnail","6":"product_cat-bem-estar","7":"product_cat-saude","9":"first","10":"instock","11":"shipping-taxable","12":"purchasable","13":"product-type-simple"},"_links":{"self":[{"href":"https:\/\/biofarmax.com.br\/index.php\/wp-json\/wp\/v2\/product\/394","targetHints":{"allow":["GET"]}}],"collection":[{"href":"https:\/\/biofarmax.com.br\/index.php\/wp-json\/wp\/v2\/product"}],"about":[{"href":"https:\/\/biofarmax.com.br\/index.php\/wp-json\/wp\/v2\/types\/product"}],"replies":[{"embeddable":true,"href":"https:\/\/biofarmax.com.br\/index.php\/wp-json\/wp\/v2\/comments?post=394"}],"wp:featuredmedia":[{"embeddable":true,"href":"https:\/\/biofarmax.com.br\/index.php\/wp-json\/wp\/v2\/media\/395"}],"wp:attachment":[{"href":"https:\/\/biofarmax.com.br\/index.php\/wp-json\/wp\/v2\/media?parent=394"}],"wp:term":[{"taxonomy":"product_brand","embeddable":true,"href":"https:\/\/biofarmax.com.br\/index.php\/wp-json\/wp\/v2\/product_brand?post=394"},{"taxonomy":"product_cat","embeddable":true,"href":"https:\/\/biofarmax.com.br\/index.php\/wp-json\/wp\/v2\/product_cat?post=394"},{"taxonomy":"product_tag","embeddable":true,"href":"https:\/\/biofarmax.com.br\/index.php\/wp-json\/wp\/v2\/product_tag?post=394"}],"curies":[{"name":"wp","href":"https:\/\/api.w.org\/{rel}","templated":true}]}}