{"id":390,"date":"2025-11-18T14:49:32","date_gmt":"2025-11-18T14:49:32","guid":{"rendered":"https:\/\/biofarmax.com.br\/?post_type=product&#038;p=390"},"modified":"2026-01-29T20:24:03","modified_gmt":"2026-01-29T20:24:03","slug":"oleo-de-borragem-em-capsulas","status":"publish","type":"product","link":"https:\/\/biofarmax.com.br\/index.php\/produto\/oleo-de-borragem-em-capsulas\/","title":{"rendered":"\u00d3leo de Borragem 500mg 60 C\u00e1psulas"},"content":{"rendered":"<p><strong>O \u00f3leo de borragem \u00e9 extra\u00eddo das sementes da planta Borago officinalis e \u00e9 rico em \u00e1cido gama-linol\u00eanico (GLA), um tipo de \u00f4mega-6. \u00c9 usado como suplemento alimentar para aliviar sintomas de TPM e menopausa, ajudar em condi\u00e7\u00f5es inflamat\u00f3rias como artrite reumatoide e eczema, melhorar a sa\u00fade da pele, fortalecer cabelos e contribuir para a sa\u00fade cardiovascular.<\/strong><\/p>\n<p><strong>Quantidade:<\/strong> 60 Capsulas<\/p>\n<p><strong>Posologia:<\/strong> Tomar 1 Capsula,\u00a0 2 vezes ao dia antes das refei\u00e7\u00f5es<\/p>\n<p><strong>Composi\u00e7\u00e3o:<\/strong> \u00d3leo de Borragem 500mg<\/p>\n","protected":false},"excerpt":{"rendered":"<p>O \u00f3leo de borragem \u00e9 extra\u00eddo das sementes da planta Borago officinalis e \u00e9 rico em \u00e1cido gama-linol\u00eanico (GLA), um tipo de \u00f4mega-6. \u00c9 usado como suplemento alimentar para aliviar sintomas de TPM e menopausa, ajudar em condi\u00e7\u00f5es inflamat\u00f3rias como artrite reumatoide e eczema, melhorar a sa\u00fade da pele, fortalecer cabelos e contribuir para a [&hellip;]<\/p>\n","protected":false},"featured_media":391,"comment_status":"open","ping_status":"closed","template":"","meta":[],"product_brand":[],"product_cat":[20],"product_tag":[],"class_list":{"0":"post-390","1":"product","2":"type-product","3":"status-publish","4":"has-post-thumbnail","6":"product_cat-bem-estar","8":"first","9":"instock","10":"shipping-taxable","11":"purchasable","12":"product-type-simple"},"_links":{"self":[{"href":"https:\/\/biofarmax.com.br\/index.php\/wp-json\/wp\/v2\/product\/390","targetHints":{"allow":["GET"]}}],"collection":[{"href":"https:\/\/biofarmax.com.br\/index.php\/wp-json\/wp\/v2\/product"}],"about":[{"href":"https:\/\/biofarmax.com.br\/index.php\/wp-json\/wp\/v2\/types\/product"}],"replies":[{"embeddable":true,"href":"https:\/\/biofarmax.com.br\/index.php\/wp-json\/wp\/v2\/comments?post=390"}],"wp:featuredmedia":[{"embeddable":true,"href":"https:\/\/biofarmax.com.br\/index.php\/wp-json\/wp\/v2\/media\/391"}],"wp:attachment":[{"href":"https:\/\/biofarmax.com.br\/index.php\/wp-json\/wp\/v2\/media?parent=390"}],"wp:term":[{"taxonomy":"product_brand","embeddable":true,"href":"https:\/\/biofarmax.com.br\/index.php\/wp-json\/wp\/v2\/product_brand?post=390"},{"taxonomy":"product_cat","embeddable":true,"href":"https:\/\/biofarmax.com.br\/index.php\/wp-json\/wp\/v2\/product_cat?post=390"},{"taxonomy":"product_tag","embeddable":true,"href":"https:\/\/biofarmax.com.br\/index.php\/wp-json\/wp\/v2\/product_tag?post=390"}],"curies":[{"name":"wp","href":"https:\/\/api.w.org\/{rel}","templated":true}]}}