{"id":388,"date":"2025-11-18T14:46:06","date_gmt":"2025-11-18T14:46:06","guid":{"rendered":"https:\/\/biofarmax.com.br\/?post_type=product&#038;p=388"},"modified":"2026-01-29T18:51:50","modified_gmt":"2026-01-29T18:51:50","slug":"fito-diuretico","status":"publish","type":"product","link":"https:\/\/biofarmax.com.br\/index.php\/produto\/fito-diuretico\/","title":{"rendered":"Fito Diur\u00e9tico 60 C\u00e1psulas"},"content":{"rendered":"<p><strong>O Fito Diur\u00e9tico \u00e9 uma associa\u00e7\u00e3o de fitoter\u00e1picos que auxilia na redu\u00e7\u00e3o da reten\u00e7\u00e3o de l\u00edquidos e incha\u00e7o corporal.<\/strong><\/p>\n<p><strong>Quantidade:<\/strong> 60 C\u00e1psulas<\/p>\n<p><strong>Posologia:<\/strong> Tomar 2 a 3 C\u00e1psulas ao dia.<\/p>\n<p><strong>Composi\u00e7\u00e3o:<\/strong> Quebra pedra, Abacateiro, Cavalinha.<\/p>\n","protected":false},"excerpt":{"rendered":"<p>O Fito Diur\u00e9tico \u00e9 uma associa\u00e7\u00e3o de fitoter\u00e1picos que auxilia na redu\u00e7\u00e3o da reten\u00e7\u00e3o de l\u00edquidos e incha\u00e7o corporal. Quantidade: 60 C\u00e1psulas Posologia: Tomar 2 a 3 C\u00e1psulas ao dia. Composi\u00e7\u00e3o: Quebra pedra, Abacateiro, Cavalinha.<\/p>\n","protected":false},"featured_media":389,"comment_status":"open","ping_status":"closed","template":"","meta":[],"product_brand":[],"product_cat":[20,21],"product_tag":[],"class_list":{"0":"post-388","1":"product","2":"type-product","3":"status-publish","4":"has-post-thumbnail","6":"product_cat-bem-estar","7":"product_cat-saude","9":"first","10":"instock","11":"shipping-taxable","12":"purchasable","13":"product-type-simple"},"_links":{"self":[{"href":"https:\/\/biofarmax.com.br\/index.php\/wp-json\/wp\/v2\/product\/388","targetHints":{"allow":["GET"]}}],"collection":[{"href":"https:\/\/biofarmax.com.br\/index.php\/wp-json\/wp\/v2\/product"}],"about":[{"href":"https:\/\/biofarmax.com.br\/index.php\/wp-json\/wp\/v2\/types\/product"}],"replies":[{"embeddable":true,"href":"https:\/\/biofarmax.com.br\/index.php\/wp-json\/wp\/v2\/comments?post=388"}],"wp:featuredmedia":[{"embeddable":true,"href":"https:\/\/biofarmax.com.br\/index.php\/wp-json\/wp\/v2\/media\/389"}],"wp:attachment":[{"href":"https:\/\/biofarmax.com.br\/index.php\/wp-json\/wp\/v2\/media?parent=388"}],"wp:term":[{"taxonomy":"product_brand","embeddable":true,"href":"https:\/\/biofarmax.com.br\/index.php\/wp-json\/wp\/v2\/product_brand?post=388"},{"taxonomy":"product_cat","embeddable":true,"href":"https:\/\/biofarmax.com.br\/index.php\/wp-json\/wp\/v2\/product_cat?post=388"},{"taxonomy":"product_tag","embeddable":true,"href":"https:\/\/biofarmax.com.br\/index.php\/wp-json\/wp\/v2\/product_tag?post=388"}],"curies":[{"name":"wp","href":"https:\/\/api.w.org\/{rel}","templated":true}]}}