{"id":386,"date":"2025-11-18T14:43:42","date_gmt":"2025-11-18T14:43:42","guid":{"rendered":"https:\/\/biofarmax.com.br\/?post_type=product&#038;p=386"},"modified":"2025-12-02T20:08:53","modified_gmt":"2025-12-02T20:08:53","slug":"fito-emagrecedor","status":"publish","type":"product","link":"https:\/\/biofarmax.com.br\/index.php\/produto\/fito-emagrecedor\/","title":{"rendered":"Fito Emagrecedor 60 C\u00e1psulas"},"content":{"rendered":"<p><strong>Fito Emagrecedor atua como auxilio no processo de emagrecimento,\u00a0 auxiliando a eliminar as gorduras localizadas, reten\u00e7\u00e3o de l\u00edquidos e na modula\u00e7\u00e3o do apetite.<\/strong><\/p>\n<p><strong>Quantidade:<\/strong> 60 C\u00e1psulas<\/p>\n<p><strong>Posologia:<\/strong> Tomar 1 a 2 c\u00e1psulas, 1h antes das principais refei\u00e7\u00f5es.<\/p>\n<p><strong>Composi\u00e7\u00e3o:<\/strong> Picolinato de Cromo 100mcg, Opuntia Ficus 100mg, Ch\u00e1 verde extr. seco 150mg, Citrus Aurantium 100mg, Ilex Paraguariensis extr. seco 75mg, Citrus Moro 50mg.<\/p>\n","protected":false},"excerpt":{"rendered":"<p>Fito Emagrecedor atua como auxilio no processo de emagrecimento,\u00a0 auxiliando a eliminar as gorduras localizadas, reten\u00e7\u00e3o de l\u00edquidos e na modula\u00e7\u00e3o do apetite. Quantidade: 60 C\u00e1psulas Posologia: Tomar 1 a 2 c\u00e1psulas, 1h antes das principais refei\u00e7\u00f5es. Composi\u00e7\u00e3o: Picolinato de Cromo 100mcg, Opuntia Ficus 100mg, Ch\u00e1 verde extr. seco 150mg, Citrus Aurantium 100mg, Ilex Paraguariensis [&hellip;]<\/p>\n","protected":false},"featured_media":387,"comment_status":"open","ping_status":"closed","template":"","meta":[],"product_brand":[],"product_cat":[20,21],"product_tag":[],"class_list":{"0":"post-386","1":"product","2":"type-product","3":"status-publish","4":"has-post-thumbnail","6":"product_cat-bem-estar","7":"product_cat-saude","9":"first","10":"instock","11":"shipping-taxable","12":"purchasable","13":"product-type-simple"},"_links":{"self":[{"href":"https:\/\/biofarmax.com.br\/index.php\/wp-json\/wp\/v2\/product\/386","targetHints":{"allow":["GET"]}}],"collection":[{"href":"https:\/\/biofarmax.com.br\/index.php\/wp-json\/wp\/v2\/product"}],"about":[{"href":"https:\/\/biofarmax.com.br\/index.php\/wp-json\/wp\/v2\/types\/product"}],"replies":[{"embeddable":true,"href":"https:\/\/biofarmax.com.br\/index.php\/wp-json\/wp\/v2\/comments?post=386"}],"wp:featuredmedia":[{"embeddable":true,"href":"https:\/\/biofarmax.com.br\/index.php\/wp-json\/wp\/v2\/media\/387"}],"wp:attachment":[{"href":"https:\/\/biofarmax.com.br\/index.php\/wp-json\/wp\/v2\/media?parent=386"}],"wp:term":[{"taxonomy":"product_brand","embeddable":true,"href":"https:\/\/biofarmax.com.br\/index.php\/wp-json\/wp\/v2\/product_brand?post=386"},{"taxonomy":"product_cat","embeddable":true,"href":"https:\/\/biofarmax.com.br\/index.php\/wp-json\/wp\/v2\/product_cat?post=386"},{"taxonomy":"product_tag","embeddable":true,"href":"https:\/\/biofarmax.com.br\/index.php\/wp-json\/wp\/v2\/product_tag?post=386"}],"curies":[{"name":"wp","href":"https:\/\/api.w.org\/{rel}","templated":true}]}}