{"id":383,"date":"2025-11-18T14:37:26","date_gmt":"2025-11-18T14:37:26","guid":{"rendered":"https:\/\/biofarmax.com.br\/?post_type=product&#038;p=383"},"modified":"2026-01-29T18:53:21","modified_gmt":"2026-01-29T18:53:21","slug":"fito-energetico","status":"publish","type":"product","link":"https:\/\/biofarmax.com.br\/index.php\/produto\/fito-energetico\/","title":{"rendered":"Fito Energ\u00e9tico 60 C\u00e1psulas"},"content":{"rendered":"<p><strong>Associa\u00e7\u00e3o fitoter\u00e1pica que ajuda no ganho e manuten\u00e7\u00e3o da energia para as tarefas di\u00e1rias, al\u00e9m de ajudar no aumento do libido e energia.<\/strong><\/p>\n<p><strong>Quantidade:<\/strong> 60 c\u00e1psulas<\/p>\n<p>&nbsp;<\/p>\n<p><strong>Posologia:<\/strong> Tomar 1 c\u00e1psula, 2 a 3 vezes ao dia.<\/p>\n<p>&nbsp;<\/p>\n<p><strong>Composi\u00e7\u00e3o:<\/strong> Guaran\u00e1, Maripuama, Ginseng, Catuaba Extr. Seco.<\/p>\n","protected":false},"excerpt":{"rendered":"<p>Associa\u00e7\u00e3o fitoter\u00e1pica que ajuda no ganho e manuten\u00e7\u00e3o da energia para as tarefas di\u00e1rias, al\u00e9m de ajudar no aumento do libido e energia. Quantidade: 60 c\u00e1psulas &nbsp; Posologia: Tomar 1 c\u00e1psula, 2 a 3 vezes ao dia. &nbsp; Composi\u00e7\u00e3o: Guaran\u00e1, Maripuama, Ginseng, Catuaba Extr. Seco.<\/p>\n","protected":false},"featured_media":384,"comment_status":"open","ping_status":"closed","template":"","meta":[],"product_brand":[],"product_cat":[20],"product_tag":[],"class_list":{"0":"post-383","1":"product","2":"type-product","3":"status-publish","4":"has-post-thumbnail","6":"product_cat-bem-estar","8":"first","9":"instock","10":"shipping-taxable","11":"purchasable","12":"product-type-simple"},"_links":{"self":[{"href":"https:\/\/biofarmax.com.br\/index.php\/wp-json\/wp\/v2\/product\/383","targetHints":{"allow":["GET"]}}],"collection":[{"href":"https:\/\/biofarmax.com.br\/index.php\/wp-json\/wp\/v2\/product"}],"about":[{"href":"https:\/\/biofarmax.com.br\/index.php\/wp-json\/wp\/v2\/types\/product"}],"replies":[{"embeddable":true,"href":"https:\/\/biofarmax.com.br\/index.php\/wp-json\/wp\/v2\/comments?post=383"}],"wp:featuredmedia":[{"embeddable":true,"href":"https:\/\/biofarmax.com.br\/index.php\/wp-json\/wp\/v2\/media\/384"}],"wp:attachment":[{"href":"https:\/\/biofarmax.com.br\/index.php\/wp-json\/wp\/v2\/media?parent=383"}],"wp:term":[{"taxonomy":"product_brand","embeddable":true,"href":"https:\/\/biofarmax.com.br\/index.php\/wp-json\/wp\/v2\/product_brand?post=383"},{"taxonomy":"product_cat","embeddable":true,"href":"https:\/\/biofarmax.com.br\/index.php\/wp-json\/wp\/v2\/product_cat?post=383"},{"taxonomy":"product_tag","embeddable":true,"href":"https:\/\/biofarmax.com.br\/index.php\/wp-json\/wp\/v2\/product_tag?post=383"}],"curies":[{"name":"wp","href":"https:\/\/api.w.org\/{rel}","templated":true}]}}