{"id":381,"date":"2025-11-18T14:32:07","date_gmt":"2025-11-18T14:32:07","guid":{"rendered":"https:\/\/biofarmax.com.br\/?post_type=product&#038;p=381"},"modified":"2025-12-02T20:52:33","modified_gmt":"2025-12-02T20:52:33","slug":"omega-3-em-capsulas","status":"publish","type":"product","link":"https:\/\/biofarmax.com.br\/index.php\/produto\/omega-3-em-capsulas\/","title":{"rendered":"\u00d4mega 3 1G  60 C\u00e1psulas"},"content":{"rendered":"<p><strong>\u00d4mega-3, a\u00e7\u00e3o anti-inflamat\u00f3ria, atua na sa\u00fade vascular, cora\u00e7\u00e3o, c\u00e9rebro, vis\u00e3o e imunidade, al\u00e9m de melhorar os \u00edndices de triglicer\u00eddeos e desempenho cognitivo.<\/strong><\/p>\n<p><strong>Quantidade:<\/strong> 60 c\u00e1psulas<\/p>\n<p>&nbsp;<\/p>\n<p><strong>Posologia:<\/strong> Tomar 1 c\u00e1psula, 2 vezes ao dia.<\/p>\n<p>&nbsp;<\/p>\n<p><strong>Composi\u00e7\u00e3o:<\/strong> \u00d4mega 3 1g (DHA 146mg 14,6% + EPA 187mg 18,7%)<\/p>\n","protected":false},"excerpt":{"rendered":"<p>\u00d4mega-3, a\u00e7\u00e3o anti-inflamat\u00f3ria, atua na sa\u00fade vascular, cora\u00e7\u00e3o, c\u00e9rebro, vis\u00e3o e imunidade, al\u00e9m de melhorar os \u00edndices de triglicer\u00eddeos e desempenho cognitivo. Quantidade: 60 c\u00e1psulas &nbsp; Posologia: Tomar 1 c\u00e1psula, 2 vezes ao dia. &nbsp; Composi\u00e7\u00e3o: \u00d4mega 3 1g (DHA 146mg 14,6% + EPA 187mg 18,7%)<\/p>\n","protected":false},"featured_media":382,"comment_status":"open","ping_status":"closed","template":"","meta":[],"product_brand":[],"product_cat":[21],"product_tag":[],"class_list":{"0":"post-381","1":"product","2":"type-product","3":"status-publish","4":"has-post-thumbnail","6":"product_cat-saude","8":"first","9":"instock","10":"shipping-taxable","11":"purchasable","12":"product-type-simple"},"_links":{"self":[{"href":"https:\/\/biofarmax.com.br\/index.php\/wp-json\/wp\/v2\/product\/381","targetHints":{"allow":["GET"]}}],"collection":[{"href":"https:\/\/biofarmax.com.br\/index.php\/wp-json\/wp\/v2\/product"}],"about":[{"href":"https:\/\/biofarmax.com.br\/index.php\/wp-json\/wp\/v2\/types\/product"}],"replies":[{"embeddable":true,"href":"https:\/\/biofarmax.com.br\/index.php\/wp-json\/wp\/v2\/comments?post=381"}],"wp:featuredmedia":[{"embeddable":true,"href":"https:\/\/biofarmax.com.br\/index.php\/wp-json\/wp\/v2\/media\/382"}],"wp:attachment":[{"href":"https:\/\/biofarmax.com.br\/index.php\/wp-json\/wp\/v2\/media?parent=381"}],"wp:term":[{"taxonomy":"product_brand","embeddable":true,"href":"https:\/\/biofarmax.com.br\/index.php\/wp-json\/wp\/v2\/product_brand?post=381"},{"taxonomy":"product_cat","embeddable":true,"href":"https:\/\/biofarmax.com.br\/index.php\/wp-json\/wp\/v2\/product_cat?post=381"},{"taxonomy":"product_tag","embeddable":true,"href":"https:\/\/biofarmax.com.br\/index.php\/wp-json\/wp\/v2\/product_tag?post=381"}],"curies":[{"name":"wp","href":"https:\/\/api.w.org\/{rel}","templated":true}]}}