{"id":379,"date":"2025-11-18T14:27:54","date_gmt":"2025-11-18T14:27:54","guid":{"rendered":"https:\/\/biofarmax.com.br\/?post_type=product&#038;p=379"},"modified":"2025-12-02T20:57:07","modified_gmt":"2025-12-02T20:57:07","slug":"vitamina-d3","status":"publish","type":"product","link":"https:\/\/biofarmax.com.br\/index.php\/produto\/vitamina-d3\/","title":{"rendered":"Vitamina D3 2000UI 60 C\u00e1psulas"},"content":{"rendered":"<p><strong>Auxilia na absor\u00e7\u00e3o de c\u00e1lcio e f\u00f3sforo, fundamental para a sa\u00fade \u00f3ssea, e para manter o funcionamento do sistema imunol\u00f3gico e muscular. \u00c9 tamb\u00e9m indicada para o tratamento auxiliar de condi\u00e7\u00f5es como desmineraliza\u00e7\u00e3o \u00f3ssea, raquitismo e osteomalacia, al\u00e9m de ajudar na preven\u00e7\u00e3o de quedas e fraturas em idosos.<\/strong><\/p>\n<p><strong>Quantidade:<\/strong> 60 Capsulas<\/p>\n<p>&nbsp;<\/p>\n<p><strong>Posologia:<\/strong> Tomar 1 ou 2 Capsulas ao dia, conforme orienta\u00e7\u00e3o m\u00e9dica ou nutricional<\/p>\n<p>&nbsp;<\/p>\n<p><strong>Composi\u00e7\u00e3o:<\/strong> Vitamina D3 2000 UI (oleosa)<\/p>\n","protected":false},"excerpt":{"rendered":"<p>Auxilia na absor\u00e7\u00e3o de c\u00e1lcio e f\u00f3sforo, fundamental para a sa\u00fade \u00f3ssea, e para manter o funcionamento do sistema imunol\u00f3gico e muscular. \u00c9 tamb\u00e9m indicada para o tratamento auxiliar de condi\u00e7\u00f5es como desmineraliza\u00e7\u00e3o \u00f3ssea, raquitismo e osteomalacia, al\u00e9m de ajudar na preven\u00e7\u00e3o de quedas e fraturas em idosos. Quantidade: 60 Capsulas &nbsp; Posologia: Tomar 1 [&hellip;]<\/p>\n","protected":false},"featured_media":380,"comment_status":"open","ping_status":"closed","template":"","meta":[],"product_brand":[],"product_cat":[21],"product_tag":[],"class_list":{"0":"post-379","1":"product","2":"type-product","3":"status-publish","4":"has-post-thumbnail","6":"product_cat-saude","8":"first","9":"instock","10":"shipping-taxable","11":"purchasable","12":"product-type-simple"},"_links":{"self":[{"href":"https:\/\/biofarmax.com.br\/index.php\/wp-json\/wp\/v2\/product\/379","targetHints":{"allow":["GET"]}}],"collection":[{"href":"https:\/\/biofarmax.com.br\/index.php\/wp-json\/wp\/v2\/product"}],"about":[{"href":"https:\/\/biofarmax.com.br\/index.php\/wp-json\/wp\/v2\/types\/product"}],"replies":[{"embeddable":true,"href":"https:\/\/biofarmax.com.br\/index.php\/wp-json\/wp\/v2\/comments?post=379"}],"wp:featuredmedia":[{"embeddable":true,"href":"https:\/\/biofarmax.com.br\/index.php\/wp-json\/wp\/v2\/media\/380"}],"wp:attachment":[{"href":"https:\/\/biofarmax.com.br\/index.php\/wp-json\/wp\/v2\/media?parent=379"}],"wp:term":[{"taxonomy":"product_brand","embeddable":true,"href":"https:\/\/biofarmax.com.br\/index.php\/wp-json\/wp\/v2\/product_brand?post=379"},{"taxonomy":"product_cat","embeddable":true,"href":"https:\/\/biofarmax.com.br\/index.php\/wp-json\/wp\/v2\/product_cat?post=379"},{"taxonomy":"product_tag","embeddable":true,"href":"https:\/\/biofarmax.com.br\/index.php\/wp-json\/wp\/v2\/product_tag?post=379"}],"curies":[{"name":"wp","href":"https:\/\/api.w.org\/{rel}","templated":true}]}}