{"id":377,"date":"2025-11-18T14:25:27","date_gmt":"2025-11-18T14:25:27","guid":{"rendered":"https:\/\/biofarmax.com.br\/?post_type=product&#038;p=377"},"modified":"2026-01-28T18:18:59","modified_gmt":"2026-01-28T18:18:59","slug":"tonico-capilar-spray","status":"publish","type":"product","link":"https:\/\/biofarmax.com.br\/index.php\/produto\/tonico-capilar-spray\/","title":{"rendered":"T\u00f4nico Capilar Spray 50ml"},"content":{"rendered":"<p><strong>Ideal para combater a queda capilar e fortalecer cabelos finos e quebradi\u00e7os. Estimula o crescimento saud\u00e1vel dos fios, revitaliza o couro cabeludo e controla a oleosidade, proporcionando um cuidado profundo e fortalecimento das ra\u00edzes.<\/strong><\/p>\n<p><strong>Quantidade:<\/strong> 50ml<\/p>\n<p>&nbsp;<\/p>\n<p><strong>Modo de Usar: <\/strong>Aplicar 6 puffs na \u00e1rea desejada a noite, todos os dias<\/p>\n<p>&nbsp;<\/p>\n<p><strong>Composi\u00e7\u00e3o:<\/strong> Alecrim extrato glicolico 5%, Jaborandi 5%, Bioex Capilar 3%, Pantenol D 3%, Biotina 0,5%, Solu\u00e7\u00e3o capilar QSP 50ml<\/p>\n","protected":false},"excerpt":{"rendered":"<p>Ideal para combater a queda capilar e fortalecer cabelos finos e quebradi\u00e7os. Estimula o crescimento saud\u00e1vel dos fios, revitaliza o couro cabeludo e controla a oleosidade, proporcionando um cuidado profundo e fortalecimento das ra\u00edzes. Quantidade: 50ml &nbsp; Modo de Usar: Aplicar 6 puffs na \u00e1rea desejada a noite, todos os dias &nbsp; Composi\u00e7\u00e3o: Alecrim extrato [&hellip;]<\/p>\n","protected":false},"featured_media":378,"comment_status":"open","ping_status":"closed","template":"","meta":[],"product_brand":[],"product_cat":[20],"product_tag":[],"class_list":{"0":"post-377","1":"product","2":"type-product","3":"status-publish","4":"has-post-thumbnail","6":"product_cat-bem-estar","8":"first","9":"instock","10":"shipping-taxable","11":"purchasable","12":"product-type-simple"},"_links":{"self":[{"href":"https:\/\/biofarmax.com.br\/index.php\/wp-json\/wp\/v2\/product\/377","targetHints":{"allow":["GET"]}}],"collection":[{"href":"https:\/\/biofarmax.com.br\/index.php\/wp-json\/wp\/v2\/product"}],"about":[{"href":"https:\/\/biofarmax.com.br\/index.php\/wp-json\/wp\/v2\/types\/product"}],"replies":[{"embeddable":true,"href":"https:\/\/biofarmax.com.br\/index.php\/wp-json\/wp\/v2\/comments?post=377"}],"wp:featuredmedia":[{"embeddable":true,"href":"https:\/\/biofarmax.com.br\/index.php\/wp-json\/wp\/v2\/media\/378"}],"wp:attachment":[{"href":"https:\/\/biofarmax.com.br\/index.php\/wp-json\/wp\/v2\/media?parent=377"}],"wp:term":[{"taxonomy":"product_brand","embeddable":true,"href":"https:\/\/biofarmax.com.br\/index.php\/wp-json\/wp\/v2\/product_brand?post=377"},{"taxonomy":"product_cat","embeddable":true,"href":"https:\/\/biofarmax.com.br\/index.php\/wp-json\/wp\/v2\/product_cat?post=377"},{"taxonomy":"product_tag","embeddable":true,"href":"https:\/\/biofarmax.com.br\/index.php\/wp-json\/wp\/v2\/product_tag?post=377"}],"curies":[{"name":"wp","href":"https:\/\/api.w.org\/{rel}","templated":true}]}}