{"id":375,"date":"2025-11-18T14:21:22","date_gmt":"2025-11-18T14:21:22","guid":{"rendered":"https:\/\/biofarmax.com.br\/?post_type=product&#038;p=375"},"modified":"2026-01-28T19:46:22","modified_gmt":"2026-01-28T19:46:22","slug":"gel-secativo-anti-acne","status":"publish","type":"product","link":"https:\/\/biofarmax.com.br\/index.php\/produto\/gel-secativo-anti-acne\/","title":{"rendered":"Gel Secativo Anti-Acne 30g"},"content":{"rendered":"<p><strong>Foi especialmente desenvolvido para cuidar da pele acneica. Age naquela espinha inesperada, ajudando a diminuir seu tamanho e a vermelhid\u00e3o, com a\u00e7\u00e3o carminativa.<\/strong><\/p>\n<p><strong>Quantidade:<\/strong> 30g<\/p>\n<p>&nbsp;<\/p>\n<p><strong>Posologia:<\/strong> Usar no rosto a noite.<\/p>\n<p>&nbsp;<\/p>\n<p><strong>Composi\u00e7\u00e3o:<\/strong> Hamamelis, Cal\u00eandula, Pr\u00f3polis<\/p>\n","protected":false},"excerpt":{"rendered":"<p>Foi especialmente desenvolvido para cuidar da pele acneica. Age naquela espinha inesperada, ajudando a diminuir seu tamanho e a vermelhid\u00e3o, com a\u00e7\u00e3o carminativa. Quantidade: 30g &nbsp; Posologia: Usar no rosto a noite. &nbsp; Composi\u00e7\u00e3o: Hamamelis, Cal\u00eandula, Pr\u00f3polis<\/p>\n","protected":false},"featured_media":376,"comment_status":"open","ping_status":"closed","template":"","meta":[],"product_brand":[],"product_cat":[22],"product_tag":[],"class_list":{"0":"post-375","1":"product","2":"type-product","3":"status-publish","4":"has-post-thumbnail","6":"product_cat-pele","8":"first","9":"instock","10":"shipping-taxable","11":"purchasable","12":"product-type-simple"},"_links":{"self":[{"href":"https:\/\/biofarmax.com.br\/index.php\/wp-json\/wp\/v2\/product\/375","targetHints":{"allow":["GET"]}}],"collection":[{"href":"https:\/\/biofarmax.com.br\/index.php\/wp-json\/wp\/v2\/product"}],"about":[{"href":"https:\/\/biofarmax.com.br\/index.php\/wp-json\/wp\/v2\/types\/product"}],"replies":[{"embeddable":true,"href":"https:\/\/biofarmax.com.br\/index.php\/wp-json\/wp\/v2\/comments?post=375"}],"wp:featuredmedia":[{"embeddable":true,"href":"https:\/\/biofarmax.com.br\/index.php\/wp-json\/wp\/v2\/media\/376"}],"wp:attachment":[{"href":"https:\/\/biofarmax.com.br\/index.php\/wp-json\/wp\/v2\/media?parent=375"}],"wp:term":[{"taxonomy":"product_brand","embeddable":true,"href":"https:\/\/biofarmax.com.br\/index.php\/wp-json\/wp\/v2\/product_brand?post=375"},{"taxonomy":"product_cat","embeddable":true,"href":"https:\/\/biofarmax.com.br\/index.php\/wp-json\/wp\/v2\/product_cat?post=375"},{"taxonomy":"product_tag","embeddable":true,"href":"https:\/\/biofarmax.com.br\/index.php\/wp-json\/wp\/v2\/product_tag?post=375"}],"curies":[{"name":"wp","href":"https:\/\/api.w.org\/{rel}","templated":true}]}}