{"id":372,"date":"2025-11-18T14:13:44","date_gmt":"2025-11-18T14:13:44","guid":{"rendered":"https:\/\/biofarmax.com.br\/?post_type=product&#038;p=372"},"modified":"2026-01-29T19:02:02","modified_gmt":"2026-01-29T19:02:02","slug":"fito-moderador","status":"publish","type":"product","link":"https:\/\/biofarmax.com.br\/index.php\/produto\/fito-moderador\/","title":{"rendered":"Fito Moderador 60 C\u00e1psulas"},"content":{"rendered":"<p><strong>Auxilia na perda de peso e na redu\u00e7\u00e3o da absor\u00e7\u00e3o de gorduras, aumenta o metabolismo e a queima de calorias e contribui para o controle do apetite.<\/strong><\/p>\n<p><strong>Quantidade:<\/strong> 60 Capsulas<\/p>\n<p>&nbsp;<\/p>\n<p><strong>Posologia:<\/strong> Tomar 1 Capsula antes das refei\u00e7\u00f5es com 2 copos de \u00e1gua.<\/p>\n<p>&nbsp;<\/p>\n<p><strong>Composi\u00e7\u00e3o:<\/strong> Garcinia Cambogia 250mg, Chitosan 150mg, Cassiolamina 50mg, Faseolamina 100mg.<\/p>\n","protected":false},"excerpt":{"rendered":"<p>Auxilia na perda de peso e na redu\u00e7\u00e3o da absor\u00e7\u00e3o de gorduras, aumenta o metabolismo e a queima de calorias e contribui para o controle do apetite. Quantidade: 60 Capsulas &nbsp; Posologia: Tomar 1 Capsula antes das refei\u00e7\u00f5es com 2 copos de \u00e1gua. &nbsp; Composi\u00e7\u00e3o: Garcinia Cambogia 250mg, Chitosan 150mg, Cassiolamina 50mg, Faseolamina 100mg.<\/p>\n","protected":false},"featured_media":373,"comment_status":"open","ping_status":"closed","template":"","meta":[],"product_brand":[],"product_cat":[20,21],"product_tag":[],"class_list":{"0":"post-372","1":"product","2":"type-product","3":"status-publish","4":"has-post-thumbnail","6":"product_cat-bem-estar","7":"product_cat-saude","9":"first","10":"instock","11":"shipping-taxable","12":"purchasable","13":"product-type-simple"},"_links":{"self":[{"href":"https:\/\/biofarmax.com.br\/index.php\/wp-json\/wp\/v2\/product\/372","targetHints":{"allow":["GET"]}}],"collection":[{"href":"https:\/\/biofarmax.com.br\/index.php\/wp-json\/wp\/v2\/product"}],"about":[{"href":"https:\/\/biofarmax.com.br\/index.php\/wp-json\/wp\/v2\/types\/product"}],"replies":[{"embeddable":true,"href":"https:\/\/biofarmax.com.br\/index.php\/wp-json\/wp\/v2\/comments?post=372"}],"wp:featuredmedia":[{"embeddable":true,"href":"https:\/\/biofarmax.com.br\/index.php\/wp-json\/wp\/v2\/media\/373"}],"wp:attachment":[{"href":"https:\/\/biofarmax.com.br\/index.php\/wp-json\/wp\/v2\/media?parent=372"}],"wp:term":[{"taxonomy":"product_brand","embeddable":true,"href":"https:\/\/biofarmax.com.br\/index.php\/wp-json\/wp\/v2\/product_brand?post=372"},{"taxonomy":"product_cat","embeddable":true,"href":"https:\/\/biofarmax.com.br\/index.php\/wp-json\/wp\/v2\/product_cat?post=372"},{"taxonomy":"product_tag","embeddable":true,"href":"https:\/\/biofarmax.com.br\/index.php\/wp-json\/wp\/v2\/product_tag?post=372"}],"curies":[{"name":"wp","href":"https:\/\/api.w.org\/{rel}","templated":true}]}}