{"id":139,"date":"2025-10-27T20:07:54","date_gmt":"2025-10-27T20:07:54","guid":{"rendered":"https:\/\/biofarmax.com.br\/?post_type=product&#038;p=139"},"modified":"2026-01-29T18:51:35","modified_gmt":"2026-01-29T18:51:35","slug":"fito-circulatorio","status":"publish","type":"product","link":"https:\/\/biofarmax.com.br\/index.php\/produto\/fito-circulatorio\/","title":{"rendered":"Fito Circulat\u00f3rio 60 C\u00e1psulas"},"content":{"rendered":"<p><strong>Associa\u00e7\u00e3o visa aliviar sintomas de m\u00e1 circula\u00e7\u00e3o das pernas, como incha\u00e7o e varizes.<\/strong><\/p>\n<p><strong>Quantidade:<\/strong> 60 Capsulas<\/p>\n<p>&nbsp;<\/p>\n<p><strong>Posologia:<\/strong> Tomar 1 c\u00e1psula, 1 a 2 vezes ao dia<\/p>\n<p>&nbsp;<\/p>\n<p><strong>Composi\u00e7\u00e3o:<\/strong> Rutina 100mg, Hamamelis 50mg, Castanha da \u00cdndia 100mg, Ginkgo Biloba Extra Seco 40mg, Vitamina C 30mg<\/p>\n","protected":false},"excerpt":{"rendered":"<p>Esses produtos visam aliviar sintomas de m\u00e1 circula\u00e7\u00e3o, como incha\u00e7o e varizes e tamb\u00e9m atuam na regula\u00e7\u00e3o da press\u00e3o arterial, colesterol e na sa\u00fade card\u00edaca em geral.<\/p>\n<p><strong>Quantidade:<\/strong> 60 Capsulas<\/p>\n<p>&nbsp;<\/p>\n<p><strong>Posologia:<\/strong> Tomar 1 Capsula, 1 a 2 vezes ao dia<\/p>\n<p>&nbsp;<\/p>\n<p><strong>Composi\u00e7\u00e3o:<\/strong> Rutina 100mg, Hamamelis 50mg, Castanha da \u00cdndia 100mg, Ginkgo Biloba Extra Seco 40mg, Vitamina C 30mg<\/p>\n","protected":false},"featured_media":365,"comment_status":"open","ping_status":"closed","template":"","meta":[],"product_brand":[],"product_cat":[20,21],"product_tag":[],"class_list":{"0":"post-139","1":"product","2":"type-product","3":"status-publish","4":"has-post-thumbnail","6":"product_cat-bem-estar","7":"product_cat-saude","9":"first","10":"instock","11":"shipping-taxable","12":"purchasable","13":"product-type-simple"},"_links":{"self":[{"href":"https:\/\/biofarmax.com.br\/index.php\/wp-json\/wp\/v2\/product\/139","targetHints":{"allow":["GET"]}}],"collection":[{"href":"https:\/\/biofarmax.com.br\/index.php\/wp-json\/wp\/v2\/product"}],"about":[{"href":"https:\/\/biofarmax.com.br\/index.php\/wp-json\/wp\/v2\/types\/product"}],"replies":[{"embeddable":true,"href":"https:\/\/biofarmax.com.br\/index.php\/wp-json\/wp\/v2\/comments?post=139"}],"wp:featuredmedia":[{"embeddable":true,"href":"https:\/\/biofarmax.com.br\/index.php\/wp-json\/wp\/v2\/media\/365"}],"wp:attachment":[{"href":"https:\/\/biofarmax.com.br\/index.php\/wp-json\/wp\/v2\/media?parent=139"}],"wp:term":[{"taxonomy":"product_brand","embeddable":true,"href":"https:\/\/biofarmax.com.br\/index.php\/wp-json\/wp\/v2\/product_brand?post=139"},{"taxonomy":"product_cat","embeddable":true,"href":"https:\/\/biofarmax.com.br\/index.php\/wp-json\/wp\/v2\/product_cat?post=139"},{"taxonomy":"product_tag","embeddable":true,"href":"https:\/\/biofarmax.com.br\/index.php\/wp-json\/wp\/v2\/product_tag?post=139"}],"curies":[{"name":"wp","href":"https:\/\/api.w.org\/{rel}","templated":true}]}}