{"id":138,"date":"2025-10-27T20:04:22","date_gmt":"2025-10-27T20:04:22","guid":{"rendered":"https:\/\/biofarmax.com.br\/?post_type=product&#038;p=138"},"modified":"2026-01-29T19:05:09","modified_gmt":"2026-01-29T19:05:09","slug":"ginkgo-biloba-em-capsulas","status":"publish","type":"product","link":"https:\/\/biofarmax.com.br\/index.php\/produto\/ginkgo-biloba-em-capsulas\/","title":{"rendered":"Ginkgo Biloba 80mg 60 C\u00e1psulas"},"content":{"rendered":"<p><strong>Este medicamento \u00e9 indicado para dist\u00farbios das fun\u00e7\u00f5es do Sistema Nervoso Central (SNC) Vertigens e zumbidos (tinidos) resultantes de dist\u00farbios circulat\u00f3rio perif\u00e9ricos.<\/strong><\/p>\n<p><strong>Quantidade:<\/strong> 60 Capsulas<\/p>\n<p>&nbsp;<\/p>\n<p><strong>Posologia:<\/strong> Tomar 1 a 2 capsulas ao dia<\/p>\n<p>&nbsp;<\/p>\n<p><strong>Composi\u00e7\u00e3o:<\/strong> Ginkgo Biloba Extra Seco 80mg<\/p>\n","protected":false},"excerpt":{"rendered":"<p>Ginkgo Biloba em Capsulas<\/p>\n","protected":false},"featured_media":327,"comment_status":"open","ping_status":"closed","template":"","meta":[],"product_brand":[],"product_cat":[20,21],"product_tag":[],"class_list":{"0":"post-138","1":"product","2":"type-product","3":"status-publish","4":"has-post-thumbnail","6":"product_cat-bem-estar","7":"product_cat-saude","9":"first","10":"instock","11":"shipping-taxable","12":"purchasable","13":"product-type-simple"},"_links":{"self":[{"href":"https:\/\/biofarmax.com.br\/index.php\/wp-json\/wp\/v2\/product\/138","targetHints":{"allow":["GET"]}}],"collection":[{"href":"https:\/\/biofarmax.com.br\/index.php\/wp-json\/wp\/v2\/product"}],"about":[{"href":"https:\/\/biofarmax.com.br\/index.php\/wp-json\/wp\/v2\/types\/product"}],"replies":[{"embeddable":true,"href":"https:\/\/biofarmax.com.br\/index.php\/wp-json\/wp\/v2\/comments?post=138"}],"wp:featuredmedia":[{"embeddable":true,"href":"https:\/\/biofarmax.com.br\/index.php\/wp-json\/wp\/v2\/media\/327"}],"wp:attachment":[{"href":"https:\/\/biofarmax.com.br\/index.php\/wp-json\/wp\/v2\/media?parent=138"}],"wp:term":[{"taxonomy":"product_brand","embeddable":true,"href":"https:\/\/biofarmax.com.br\/index.php\/wp-json\/wp\/v2\/product_brand?post=138"},{"taxonomy":"product_cat","embeddable":true,"href":"https:\/\/biofarmax.com.br\/index.php\/wp-json\/wp\/v2\/product_cat?post=138"},{"taxonomy":"product_tag","embeddable":true,"href":"https:\/\/biofarmax.com.br\/index.php\/wp-json\/wp\/v2\/product_tag?post=138"}],"curies":[{"name":"wp","href":"https:\/\/api.w.org\/{rel}","templated":true}]}}