{"id":137,"date":"2025-10-27T20:00:49","date_gmt":"2025-10-27T20:00:49","guid":{"rendered":"https:\/\/biofarmax.com.br\/?post_type=product&#038;p=137"},"modified":"2026-01-29T19:05:37","modified_gmt":"2026-01-29T19:05:37","slug":"imunimax","status":"publish","type":"product","link":"https:\/\/biofarmax.com.br\/index.php\/produto\/imunimax\/","title":{"rendered":"Imunimax 60 C\u00e1psulas"},"content":{"rendered":"<p><strong>Suplemento formulado para fortalecer o sistema imunol\u00f3gico e promover a sa\u00fade geral. Cada c\u00e1psula cont\u00e9m uma combina\u00e7\u00e3o \u00fanica de nutrac\u00eauticos, minerais e fitoter\u00e1picos que estimulam as defesas do corpo e ajudam a combater infec\u00e7\u00f5es. Ideal para quem busca aumentar a imunidade e se prevenir de doen\u00e7as virais.<\/strong><\/p>\n<p><strong>Quantidade:<\/strong> 120 c\u00e1psulas<\/p>\n<p>&nbsp;<\/p>\n<p><strong>Posologia:<\/strong> Tomar 1 a 2 dose (2 capsulas) ao dia<\/p>\n<p>&nbsp;<\/p>\n<p><strong>Composi\u00e7\u00e3o:<\/strong> Lisina-L 100mg, Astaxantina 5mg, Zinco 10mg, Equinacea 300mg<\/p>\n","protected":false},"excerpt":{"rendered":"<p>Imunimax<\/p>\n","protected":false},"featured_media":329,"comment_status":"open","ping_status":"closed","template":"","meta":[],"product_brand":[],"product_cat":[21],"product_tag":[],"class_list":{"0":"post-137","1":"product","2":"type-product","3":"status-publish","4":"has-post-thumbnail","6":"product_cat-saude","8":"first","9":"instock","10":"shipping-taxable","11":"purchasable","12":"product-type-simple"},"_links":{"self":[{"href":"https:\/\/biofarmax.com.br\/index.php\/wp-json\/wp\/v2\/product\/137","targetHints":{"allow":["GET"]}}],"collection":[{"href":"https:\/\/biofarmax.com.br\/index.php\/wp-json\/wp\/v2\/product"}],"about":[{"href":"https:\/\/biofarmax.com.br\/index.php\/wp-json\/wp\/v2\/types\/product"}],"replies":[{"embeddable":true,"href":"https:\/\/biofarmax.com.br\/index.php\/wp-json\/wp\/v2\/comments?post=137"}],"wp:featuredmedia":[{"embeddable":true,"href":"https:\/\/biofarmax.com.br\/index.php\/wp-json\/wp\/v2\/media\/329"}],"wp:attachment":[{"href":"https:\/\/biofarmax.com.br\/index.php\/wp-json\/wp\/v2\/media?parent=137"}],"wp:term":[{"taxonomy":"product_brand","embeddable":true,"href":"https:\/\/biofarmax.com.br\/index.php\/wp-json\/wp\/v2\/product_brand?post=137"},{"taxonomy":"product_cat","embeddable":true,"href":"https:\/\/biofarmax.com.br\/index.php\/wp-json\/wp\/v2\/product_cat?post=137"},{"taxonomy":"product_tag","embeddable":true,"href":"https:\/\/biofarmax.com.br\/index.php\/wp-json\/wp\/v2\/product_tag?post=137"}],"curies":[{"name":"wp","href":"https:\/\/api.w.org\/{rel}","templated":true}]}}