{"id":136,"date":"2025-10-27T19:57:14","date_gmt":"2025-10-27T19:57:14","guid":{"rendered":"https:\/\/biofarmax.com.br\/?post_type=product&#038;p=136"},"modified":"2026-01-29T19:01:11","modified_gmt":"2026-01-29T19:01:11","slug":"fito-laxante","status":"publish","type":"product","link":"https:\/\/biofarmax.com.br\/index.php\/produto\/fito-laxante\/","title":{"rendered":"Fito Laxante 60 C\u00e1psulas"},"content":{"rendered":"<p><strong>Fito Laxante \u00e9 uma associa\u00e7\u00e3o para pris\u00e3o de ventre, feito com ativos fitoter\u00e1picos. Agem estimulando os movimentos do intestino acelerando o tr\u00e2nsito intestinal, melhorando o fluxo fecal.<\/strong><\/p>\n<p><strong>Quantidade:<\/strong> 60 c\u00e1psulas<\/p>\n<p><strong>Posologia:<\/strong> Tomar 1 c\u00e1psula, 2 a 3 vezes por dia, junto \u00e0s refei\u00e7\u00f5es<\/p>\n<p><strong>Composi\u00e7\u00e3o:<\/strong> Fucus Vesiculosus, Sene, Cascara Sagrada.<\/p>\n","protected":false},"excerpt":{"rendered":"<p>Fito Laxante<\/p>\n","protected":false},"featured_media":366,"comment_status":"open","ping_status":"closed","template":"","meta":[],"product_brand":[],"product_cat":[20,21],"product_tag":[],"class_list":{"0":"post-136","1":"product","2":"type-product","3":"status-publish","4":"has-post-thumbnail","6":"product_cat-bem-estar","7":"product_cat-saude","9":"first","10":"instock","11":"shipping-taxable","12":"purchasable","13":"product-type-simple"},"_links":{"self":[{"href":"https:\/\/biofarmax.com.br\/index.php\/wp-json\/wp\/v2\/product\/136","targetHints":{"allow":["GET"]}}],"collection":[{"href":"https:\/\/biofarmax.com.br\/index.php\/wp-json\/wp\/v2\/product"}],"about":[{"href":"https:\/\/biofarmax.com.br\/index.php\/wp-json\/wp\/v2\/types\/product"}],"replies":[{"embeddable":true,"href":"https:\/\/biofarmax.com.br\/index.php\/wp-json\/wp\/v2\/comments?post=136"}],"wp:featuredmedia":[{"embeddable":true,"href":"https:\/\/biofarmax.com.br\/index.php\/wp-json\/wp\/v2\/media\/366"}],"wp:attachment":[{"href":"https:\/\/biofarmax.com.br\/index.php\/wp-json\/wp\/v2\/media?parent=136"}],"wp:term":[{"taxonomy":"product_brand","embeddable":true,"href":"https:\/\/biofarmax.com.br\/index.php\/wp-json\/wp\/v2\/product_brand?post=136"},{"taxonomy":"product_cat","embeddable":true,"href":"https:\/\/biofarmax.com.br\/index.php\/wp-json\/wp\/v2\/product_cat?post=136"},{"taxonomy":"product_tag","embeddable":true,"href":"https:\/\/biofarmax.com.br\/index.php\/wp-json\/wp\/v2\/product_tag?post=136"}],"curies":[{"name":"wp","href":"https:\/\/api.w.org\/{rel}","templated":true}]}}