{"id":133,"date":"2025-10-27T19:50:08","date_gmt":"2025-10-27T19:50:08","guid":{"rendered":"https:\/\/biofarmax.com.br\/?post_type=product&#038;p=133"},"modified":"2026-01-29T20:23:48","modified_gmt":"2026-01-29T20:23:48","slug":"oleo-de-alho-em-capsulas","status":"publish","type":"product","link":"https:\/\/biofarmax.com.br\/index.php\/produto\/oleo-de-alho-em-capsulas\/","title":{"rendered":"\u00d3leo de Alho 250mg 60 C\u00e1psulas"},"content":{"rendered":"<p><strong>O \u00d3leo de Alho possui propriedades anti-inflamat\u00f3rias, antibacterianas, antiss\u00e9pticas, antivirais, expectorantes e antioxidantes, as quais est\u00e3o associadas a dois princ\u00edpios ativos espec\u00edficos, a alicina e a aliina.<\/strong><\/p>\n<p><strong>Quantidade:<\/strong> 60 Capsulas<\/p>\n<p>&nbsp;<\/p>\n<p><strong>Posologia:<\/strong> Tomar 1 capsula 1 ou 2 horas antes das principais refei\u00e7\u00f5es.<\/p>\n<p>&nbsp;<\/p>\n<p><strong>Composi\u00e7\u00e3o:<\/strong> Capsulas de \u00f3leo de alho 250mg<\/p>\n","protected":false},"excerpt":{"rendered":"<p>\u00d3leo de Alho em Capsulas<\/p>\n","protected":false},"featured_media":333,"comment_status":"open","ping_status":"closed","template":"","meta":[],"product_brand":[],"product_cat":[20,21],"product_tag":[],"class_list":{"0":"post-133","1":"product","2":"type-product","3":"status-publish","4":"has-post-thumbnail","6":"product_cat-bem-estar","7":"product_cat-saude","9":"first","10":"instock","11":"shipping-taxable","12":"purchasable","13":"product-type-simple"},"_links":{"self":[{"href":"https:\/\/biofarmax.com.br\/index.php\/wp-json\/wp\/v2\/product\/133","targetHints":{"allow":["GET"]}}],"collection":[{"href":"https:\/\/biofarmax.com.br\/index.php\/wp-json\/wp\/v2\/product"}],"about":[{"href":"https:\/\/biofarmax.com.br\/index.php\/wp-json\/wp\/v2\/types\/product"}],"replies":[{"embeddable":true,"href":"https:\/\/biofarmax.com.br\/index.php\/wp-json\/wp\/v2\/comments?post=133"}],"wp:featuredmedia":[{"embeddable":true,"href":"https:\/\/biofarmax.com.br\/index.php\/wp-json\/wp\/v2\/media\/333"}],"wp:attachment":[{"href":"https:\/\/biofarmax.com.br\/index.php\/wp-json\/wp\/v2\/media?parent=133"}],"wp:term":[{"taxonomy":"product_brand","embeddable":true,"href":"https:\/\/biofarmax.com.br\/index.php\/wp-json\/wp\/v2\/product_brand?post=133"},{"taxonomy":"product_cat","embeddable":true,"href":"https:\/\/biofarmax.com.br\/index.php\/wp-json\/wp\/v2\/product_cat?post=133"},{"taxonomy":"product_tag","embeddable":true,"href":"https:\/\/biofarmax.com.br\/index.php\/wp-json\/wp\/v2\/product_tag?post=133"}],"curies":[{"name":"wp","href":"https:\/\/api.w.org\/{rel}","templated":true}]}}