{"id":131,"date":"2025-10-27T19:42:32","date_gmt":"2025-10-27T19:42:32","guid":{"rendered":"https:\/\/biofarmax.com.br\/?post_type=product&#038;p=131"},"modified":"2026-01-28T20:52:29","modified_gmt":"2026-01-28T20:52:29","slug":"sucupira","status":"publish","type":"product","link":"https:\/\/biofarmax.com.br\/index.php\/produto\/sucupira\/","title":{"rendered":"Sucupira 300mg 60 C\u00e1psulas"},"content":{"rendered":"<p><strong>As c\u00e1psulas de sucupira s\u00e3o usadas principalmente para combater dores e inflama\u00e7\u00f5es, especialmente as causadas por doen\u00e7as reum\u00e1ticas como artrite, artrose e reumatismo. Elas atuam como analg\u00e9sicos e anti-inflamat\u00f3rios naturais.<\/strong><\/p>\n<p><strong>Quantidade:<\/strong> 60 Capsulas<\/p>\n<p>&nbsp;<\/p>\n<p><strong>Posologia:<\/strong> Tomar 1 capsula, 2 vezes por dia\u00a0 ou conforme orienta\u00e7\u00e3o<\/p>\n<p>&nbsp;<\/p>\n<p><strong>Composi\u00e7\u00e3o:<\/strong> Sucupira Extra Seco 300mg<\/p>\n","protected":false},"excerpt":{"rendered":"<p>Sucupira<\/p>\n","protected":false},"featured_media":336,"comment_status":"open","ping_status":"closed","template":"","meta":[],"product_brand":[],"product_cat":[20,21],"product_tag":[],"class_list":{"0":"post-131","1":"product","2":"type-product","3":"status-publish","4":"has-post-thumbnail","6":"product_cat-bem-estar","7":"product_cat-saude","9":"first","10":"instock","11":"shipping-taxable","12":"purchasable","13":"product-type-simple"},"_links":{"self":[{"href":"https:\/\/biofarmax.com.br\/index.php\/wp-json\/wp\/v2\/product\/131","targetHints":{"allow":["GET"]}}],"collection":[{"href":"https:\/\/biofarmax.com.br\/index.php\/wp-json\/wp\/v2\/product"}],"about":[{"href":"https:\/\/biofarmax.com.br\/index.php\/wp-json\/wp\/v2\/types\/product"}],"replies":[{"embeddable":true,"href":"https:\/\/biofarmax.com.br\/index.php\/wp-json\/wp\/v2\/comments?post=131"}],"wp:featuredmedia":[{"embeddable":true,"href":"https:\/\/biofarmax.com.br\/index.php\/wp-json\/wp\/v2\/media\/336"}],"wp:attachment":[{"href":"https:\/\/biofarmax.com.br\/index.php\/wp-json\/wp\/v2\/media?parent=131"}],"wp:term":[{"taxonomy":"product_brand","embeddable":true,"href":"https:\/\/biofarmax.com.br\/index.php\/wp-json\/wp\/v2\/product_brand?post=131"},{"taxonomy":"product_cat","embeddable":true,"href":"https:\/\/biofarmax.com.br\/index.php\/wp-json\/wp\/v2\/product_cat?post=131"},{"taxonomy":"product_tag","embeddable":true,"href":"https:\/\/biofarmax.com.br\/index.php\/wp-json\/wp\/v2\/product_tag?post=131"}],"curies":[{"name":"wp","href":"https:\/\/api.w.org\/{rel}","templated":true}]}}