{"id":129,"date":"2025-10-27T19:37:37","date_gmt":"2025-10-27T19:37:37","guid":{"rendered":"https:\/\/biofarmax.com.br\/?post_type=product&#038;p=129"},"modified":"2026-01-29T18:51:27","modified_gmt":"2026-01-29T18:51:27","slug":"fito-digestivo","status":"publish","type":"product","link":"https:\/\/biofarmax.com.br\/index.php\/produto\/fito-digestivo\/","title":{"rendered":"Fito Digestivo 60 C\u00e1psulas"},"content":{"rendered":"<p><strong>O nosso composto Fito Digestivo visa melhorar o funcionamento do sistema digestivo, reduzir desconfortos como gases e azia, e apoiar a sa\u00fade do f\u00edgado e intestinos.<\/strong><\/p>\n<p>&nbsp;<\/p>\n<p><strong>Quantidade:<\/strong> 60 Capsulas<\/p>\n<p>&nbsp;<\/p>\n<p><strong>Posologia:<\/strong> Tomar 1 a 2 capsulas ap\u00f3s as principais refei\u00e7\u00f5es<\/p>\n<p>&nbsp;<\/p>\n<p><strong>Composi\u00e7\u00e3o:<\/strong> Boldo do Chile, Carqueja, Espinheira Santa, Alcachofra<\/p>\n","protected":false},"excerpt":{"rendered":"<p>Fito Digestivo<\/p>\n","protected":false},"featured_media":367,"comment_status":"open","ping_status":"closed","template":"","meta":[],"product_brand":[],"product_cat":[20,21],"product_tag":[],"class_list":{"0":"post-129","1":"product","2":"type-product","3":"status-publish","4":"has-post-thumbnail","6":"product_cat-bem-estar","7":"product_cat-saude","9":"first","10":"instock","11":"shipping-taxable","12":"purchasable","13":"product-type-simple"},"_links":{"self":[{"href":"https:\/\/biofarmax.com.br\/index.php\/wp-json\/wp\/v2\/product\/129","targetHints":{"allow":["GET"]}}],"collection":[{"href":"https:\/\/biofarmax.com.br\/index.php\/wp-json\/wp\/v2\/product"}],"about":[{"href":"https:\/\/biofarmax.com.br\/index.php\/wp-json\/wp\/v2\/types\/product"}],"replies":[{"embeddable":true,"href":"https:\/\/biofarmax.com.br\/index.php\/wp-json\/wp\/v2\/comments?post=129"}],"wp:featuredmedia":[{"embeddable":true,"href":"https:\/\/biofarmax.com.br\/index.php\/wp-json\/wp\/v2\/media\/367"}],"wp:attachment":[{"href":"https:\/\/biofarmax.com.br\/index.php\/wp-json\/wp\/v2\/media?parent=129"}],"wp:term":[{"taxonomy":"product_brand","embeddable":true,"href":"https:\/\/biofarmax.com.br\/index.php\/wp-json\/wp\/v2\/product_brand?post=129"},{"taxonomy":"product_cat","embeddable":true,"href":"https:\/\/biofarmax.com.br\/index.php\/wp-json\/wp\/v2\/product_cat?post=129"},{"taxonomy":"product_tag","embeddable":true,"href":"https:\/\/biofarmax.com.br\/index.php\/wp-json\/wp\/v2\/product_tag?post=129"}],"curies":[{"name":"wp","href":"https:\/\/api.w.org\/{rel}","templated":true}]}}