{"id":124,"date":"2025-10-27T19:20:19","date_gmt":"2025-10-27T19:20:19","guid":{"rendered":"https:\/\/biofarmax.com.br\/?post_type=product&#038;p=124"},"modified":"2026-01-29T12:25:16","modified_gmt":"2026-01-29T12:25:16","slug":"castanha-da-india","status":"publish","type":"product","link":"https:\/\/biofarmax.com.br\/index.php\/produto\/castanha-da-india\/","title":{"rendered":"Castanha da \u00cdndia 60 C\u00e1psulas"},"content":{"rendered":"<p><strong>A Castanha da \u00cdndia \u00e9 utilizada para tratar problemas de circula\u00e7\u00e3o sangu\u00ednea, como insufici\u00eancia venosa cr\u00f4nica, varizes e a sensa\u00e7\u00e3o de pernas pesadas, inchadas ou doloridas. Ela tamb\u00e9m \u00e9 utilizada para aliviar incha\u00e7os, c\u00e3ibras, coceiras e pode auxiliar em condi\u00e7\u00f5es como hemorroidas e fragilidade capilar.<\/strong><\/p>\n<p><strong>Quantidade<\/strong>: 60 c\u00e1psulas<\/p>\n<p>&nbsp;<\/p>\n<p><strong>Posologia:<\/strong> Tomar 1 c\u00e1psula, 2 ou 3 vezes ao dia, junto \u00e0s principais refei\u00e7\u00f5es<\/p>\n<p>&nbsp;<\/p>\n<p><strong>Composi\u00e7\u00e3o:<\/strong> Castanha da \u00cdndia 300mg<\/p>\n","protected":false},"excerpt":{"rendered":"<p>Castanha da \u00cdndia<\/p>\n","protected":false},"featured_media":344,"comment_status":"open","ping_status":"closed","template":"","meta":[],"product_brand":[],"product_cat":[20,21],"product_tag":[],"class_list":{"0":"post-124","1":"product","2":"type-product","3":"status-publish","4":"has-post-thumbnail","6":"product_cat-bem-estar","7":"product_cat-saude","9":"first","10":"instock","11":"shipping-taxable","12":"purchasable","13":"product-type-simple"},"_links":{"self":[{"href":"https:\/\/biofarmax.com.br\/index.php\/wp-json\/wp\/v2\/product\/124","targetHints":{"allow":["GET"]}}],"collection":[{"href":"https:\/\/biofarmax.com.br\/index.php\/wp-json\/wp\/v2\/product"}],"about":[{"href":"https:\/\/biofarmax.com.br\/index.php\/wp-json\/wp\/v2\/types\/product"}],"replies":[{"embeddable":true,"href":"https:\/\/biofarmax.com.br\/index.php\/wp-json\/wp\/v2\/comments?post=124"}],"wp:featuredmedia":[{"embeddable":true,"href":"https:\/\/biofarmax.com.br\/index.php\/wp-json\/wp\/v2\/media\/344"}],"wp:attachment":[{"href":"https:\/\/biofarmax.com.br\/index.php\/wp-json\/wp\/v2\/media?parent=124"}],"wp:term":[{"taxonomy":"product_brand","embeddable":true,"href":"https:\/\/biofarmax.com.br\/index.php\/wp-json\/wp\/v2\/product_brand?post=124"},{"taxonomy":"product_cat","embeddable":true,"href":"https:\/\/biofarmax.com.br\/index.php\/wp-json\/wp\/v2\/product_cat?post=124"},{"taxonomy":"product_tag","embeddable":true,"href":"https:\/\/biofarmax.com.br\/index.php\/wp-json\/wp\/v2\/product_tag?post=124"}],"curies":[{"name":"wp","href":"https:\/\/api.w.org\/{rel}","templated":true}]}}