{"id":123,"date":"2025-10-27T19:18:10","date_gmt":"2025-10-27T19:18:10","guid":{"rendered":"https:\/\/biofarmax.com.br\/?post_type=product&#038;p=123"},"modified":"2026-01-29T18:50:55","modified_gmt":"2026-01-29T18:50:55","slug":"emagrecedor-fitoterapico","status":"publish","type":"product","link":"https:\/\/biofarmax.com.br\/index.php\/produto\/emagrecedor-fitoterapico\/","title":{"rendered":"Emagrecedor Fitoter\u00e1pico 60 C\u00e1psulas"},"content":{"rendered":"<p><strong>Fitoter\u00e1picos auxiliam acelerando o metabolismo e aumentando a saciedade.<\/strong><\/p>\n<p>&nbsp;<\/p>\n<p><strong>Quantidade:<\/strong> 60 Capsulas<\/p>\n<p>&nbsp;<\/p>\n<p><strong>Posologia:<\/strong> Tomar 1 Capsula, 2 vezes ao dia, junto as refei\u00e7\u00f5es principais.<\/p>\n<p>&nbsp;<\/p>\n<p><strong>Composi\u00e7\u00e3o:<\/strong> Focus Vesiculosus 60mg, Citrus Aurantium 80mg, Ch\u00e1 Verde extra seco 200mg, Pholia Magra 80mg, Cascara Sagrada 70mg<\/p>\n","protected":false},"excerpt":{"rendered":"<p>Emagrecedor Fitoter\u00e1pico<\/p>\n","protected":false},"featured_media":345,"comment_status":"open","ping_status":"closed","template":"","meta":[],"product_brand":[],"product_cat":[20,21],"product_tag":[],"class_list":{"0":"post-123","1":"product","2":"type-product","3":"status-publish","4":"has-post-thumbnail","6":"product_cat-bem-estar","7":"product_cat-saude","9":"first","10":"instock","11":"shipping-taxable","12":"purchasable","13":"product-type-simple"},"_links":{"self":[{"href":"https:\/\/biofarmax.com.br\/index.php\/wp-json\/wp\/v2\/product\/123","targetHints":{"allow":["GET"]}}],"collection":[{"href":"https:\/\/biofarmax.com.br\/index.php\/wp-json\/wp\/v2\/product"}],"about":[{"href":"https:\/\/biofarmax.com.br\/index.php\/wp-json\/wp\/v2\/types\/product"}],"replies":[{"embeddable":true,"href":"https:\/\/biofarmax.com.br\/index.php\/wp-json\/wp\/v2\/comments?post=123"}],"wp:featuredmedia":[{"embeddable":true,"href":"https:\/\/biofarmax.com.br\/index.php\/wp-json\/wp\/v2\/media\/345"}],"wp:attachment":[{"href":"https:\/\/biofarmax.com.br\/index.php\/wp-json\/wp\/v2\/media?parent=123"}],"wp:term":[{"taxonomy":"product_brand","embeddable":true,"href":"https:\/\/biofarmax.com.br\/index.php\/wp-json\/wp\/v2\/product_brand?post=123"},{"taxonomy":"product_cat","embeddable":true,"href":"https:\/\/biofarmax.com.br\/index.php\/wp-json\/wp\/v2\/product_cat?post=123"},{"taxonomy":"product_tag","embeddable":true,"href":"https:\/\/biofarmax.com.br\/index.php\/wp-json\/wp\/v2\/product_tag?post=123"}],"curies":[{"name":"wp","href":"https:\/\/api.w.org\/{rel}","templated":true}]}}