{"id":122,"date":"2025-10-27T19:14:14","date_gmt":"2025-10-27T19:14:14","guid":{"rendered":"https:\/\/biofarmax.com.br\/?post_type=product&#038;p=122"},"modified":"2026-01-28T20:52:37","modified_gmt":"2026-01-28T20:52:37","slug":"zenfocus","status":"publish","type":"product","link":"https:\/\/biofarmax.com.br\/index.php\/produto\/zenfocus\/","title":{"rendered":"Zenfocus 60 C\u00e1psulas"},"content":{"rendered":"<p><strong>Ajuda a no controle da ansiedade, melhorando a cogni\u00e7\u00e3o e foco nas atividades di\u00e1rias.<\/strong><\/p>\n<p>&nbsp;<\/p>\n<p><strong>Quantidade:<\/strong> 60 Capsulas<\/p>\n<p>&nbsp;<\/p>\n<p><strong>Posologia:<\/strong> Tomar 1 capsula pela manh\u00e3 e 1 capsula a noite.<\/p>\n<p>&nbsp;<\/p>\n<p><strong>Composi\u00e7\u00e3o:<\/strong> Sceletium tortus extra seco 100mg, Griffonia Simplicifolia 100mg, Magnesio Quelato 50mg, Rodhiola Rosea 125mg<\/p>\n","protected":false},"excerpt":{"rendered":"<p>Zenfocus<\/p>\n","protected":false},"featured_media":346,"comment_status":"open","ping_status":"closed","template":"","meta":[],"product_brand":[],"product_cat":[20,21],"product_tag":[],"class_list":{"0":"post-122","1":"product","2":"type-product","3":"status-publish","4":"has-post-thumbnail","6":"product_cat-bem-estar","7":"product_cat-saude","9":"first","10":"instock","11":"shipping-taxable","12":"purchasable","13":"product-type-simple"},"_links":{"self":[{"href":"https:\/\/biofarmax.com.br\/index.php\/wp-json\/wp\/v2\/product\/122","targetHints":{"allow":["GET"]}}],"collection":[{"href":"https:\/\/biofarmax.com.br\/index.php\/wp-json\/wp\/v2\/product"}],"about":[{"href":"https:\/\/biofarmax.com.br\/index.php\/wp-json\/wp\/v2\/types\/product"}],"replies":[{"embeddable":true,"href":"https:\/\/biofarmax.com.br\/index.php\/wp-json\/wp\/v2\/comments?post=122"}],"wp:featuredmedia":[{"embeddable":true,"href":"https:\/\/biofarmax.com.br\/index.php\/wp-json\/wp\/v2\/media\/346"}],"wp:attachment":[{"href":"https:\/\/biofarmax.com.br\/index.php\/wp-json\/wp\/v2\/media?parent=122"}],"wp:term":[{"taxonomy":"product_brand","embeddable":true,"href":"https:\/\/biofarmax.com.br\/index.php\/wp-json\/wp\/v2\/product_brand?post=122"},{"taxonomy":"product_cat","embeddable":true,"href":"https:\/\/biofarmax.com.br\/index.php\/wp-json\/wp\/v2\/product_cat?post=122"},{"taxonomy":"product_tag","embeddable":true,"href":"https:\/\/biofarmax.com.br\/index.php\/wp-json\/wp\/v2\/product_tag?post=122"}],"curies":[{"name":"wp","href":"https:\/\/api.w.org\/{rel}","templated":true}]}}