{"id":121,"date":"2025-10-27T19:07:35","date_gmt":"2025-10-27T19:07:35","guid":{"rendered":"https:\/\/biofarmax.com.br\/?post_type=product&#038;p=121"},"modified":"2026-01-29T20:00:00","modified_gmt":"2026-01-29T20:00:00","slug":"oleo-de-abobora","status":"publish","type":"product","link":"https:\/\/biofarmax.com.br\/index.php\/produto\/oleo-de-abobora\/","title":{"rendered":"\u00d3leo de Ab\u00f3bora 60 C\u00e1psulas"},"content":{"rendered":"<p><strong>Oferecem benef\u00edcios para a sa\u00fade masculina (pr\u00f3stata e trato urin\u00e1rio), possuem a\u00e7\u00e3o antioxidante, podem melhorar a sa\u00fade cardiovascular e imunol\u00f3gica, al\u00e9m de atuarem como verm\u00edfugo natural e auxiliarem no controle do diabetes.<\/strong><\/p>\n<p><strong>Quantidade:<\/strong> 60 c\u00e1psulas<\/p>\n<p>&nbsp;<\/p>\n<p><strong>Posologia:<\/strong> Tomar 1 a 2 c\u00e1psulas por dia<\/p>\n<p>&nbsp;<\/p>\n<p><strong>Composi\u00e7\u00e3o:<\/strong> \u00d3leo de ab\u00f3bora 1g<\/p>\n","protected":false},"excerpt":{"rendered":"<p>\u00d3leo de Ab\u00f3bora<\/p>\n","protected":false},"featured_media":347,"comment_status":"open","ping_status":"closed","template":"","meta":[],"product_brand":[],"product_cat":[20,21],"product_tag":[],"class_list":{"0":"post-121","1":"product","2":"type-product","3":"status-publish","4":"has-post-thumbnail","6":"product_cat-bem-estar","7":"product_cat-saude","9":"first","10":"instock","11":"shipping-taxable","12":"purchasable","13":"product-type-simple"},"_links":{"self":[{"href":"https:\/\/biofarmax.com.br\/index.php\/wp-json\/wp\/v2\/product\/121","targetHints":{"allow":["GET"]}}],"collection":[{"href":"https:\/\/biofarmax.com.br\/index.php\/wp-json\/wp\/v2\/product"}],"about":[{"href":"https:\/\/biofarmax.com.br\/index.php\/wp-json\/wp\/v2\/types\/product"}],"replies":[{"embeddable":true,"href":"https:\/\/biofarmax.com.br\/index.php\/wp-json\/wp\/v2\/comments?post=121"}],"wp:featuredmedia":[{"embeddable":true,"href":"https:\/\/biofarmax.com.br\/index.php\/wp-json\/wp\/v2\/media\/347"}],"wp:attachment":[{"href":"https:\/\/biofarmax.com.br\/index.php\/wp-json\/wp\/v2\/media?parent=121"}],"wp:term":[{"taxonomy":"product_brand","embeddable":true,"href":"https:\/\/biofarmax.com.br\/index.php\/wp-json\/wp\/v2\/product_brand?post=121"},{"taxonomy":"product_cat","embeddable":true,"href":"https:\/\/biofarmax.com.br\/index.php\/wp-json\/wp\/v2\/product_cat?post=121"},{"taxonomy":"product_tag","embeddable":true,"href":"https:\/\/biofarmax.com.br\/index.php\/wp-json\/wp\/v2\/product_tag?post=121"}],"curies":[{"name":"wp","href":"https:\/\/api.w.org\/{rel}","templated":true}]}}