{"id":120,"date":"2025-10-27T19:05:17","date_gmt":"2025-10-27T19:05:17","guid":{"rendered":"https:\/\/biofarmax.com.br\/?post_type=product&#038;p=120"},"modified":"2026-01-28T20:52:55","modified_gmt":"2026-01-28T20:52:55","slug":"vitamina-c","status":"publish","type":"product","link":"https:\/\/biofarmax.com.br\/index.php\/produto\/vitamina-c\/","title":{"rendered":"Vitamina C 60 C\u00e1psulas"},"content":{"rendered":"<p><strong>Fortalece o sistema imunol\u00f3gico, atuar como antioxidante e auxiliar na produ\u00e7\u00e3o de col\u00e1geno, contribuindo para a sa\u00fade da pele, ossos e cicatriza\u00e7\u00e3o. Ela \u00e9 essencial para prevenir infec\u00e7\u00f5es, reduzir a gravidade de alergias e manter a sa\u00fade dos dentes e gengivas, al\u00e9m de ajudar na absor\u00e7\u00e3o de ferro e no combate aos radicais livres.<\/strong><\/p>\n<p><strong>Quantidade:<\/strong> 60 c\u00e1psulas<\/p>\n<p>&nbsp;<\/p>\n<p><strong>Posologia:<\/strong> Tomar 1 capsula, 2 vezes ao dia<\/p>\n<p>&nbsp;<\/p>\n<p><strong>Composi\u00e7\u00e3o:<\/strong> Vitamina C 500mg<\/p>\n","protected":false},"excerpt":{"rendered":"<p>Vitamina C<\/p>\n","protected":false},"featured_media":348,"comment_status":"open","ping_status":"closed","template":"","meta":[],"product_brand":[],"product_cat":[20,21],"product_tag":[],"class_list":{"0":"post-120","1":"product","2":"type-product","3":"status-publish","4":"has-post-thumbnail","6":"product_cat-bem-estar","7":"product_cat-saude","9":"first","10":"instock","11":"shipping-taxable","12":"purchasable","13":"product-type-simple"},"_links":{"self":[{"href":"https:\/\/biofarmax.com.br\/index.php\/wp-json\/wp\/v2\/product\/120","targetHints":{"allow":["GET"]}}],"collection":[{"href":"https:\/\/biofarmax.com.br\/index.php\/wp-json\/wp\/v2\/product"}],"about":[{"href":"https:\/\/biofarmax.com.br\/index.php\/wp-json\/wp\/v2\/types\/product"}],"replies":[{"embeddable":true,"href":"https:\/\/biofarmax.com.br\/index.php\/wp-json\/wp\/v2\/comments?post=120"}],"wp:featuredmedia":[{"embeddable":true,"href":"https:\/\/biofarmax.com.br\/index.php\/wp-json\/wp\/v2\/media\/348"}],"wp:attachment":[{"href":"https:\/\/biofarmax.com.br\/index.php\/wp-json\/wp\/v2\/media?parent=120"}],"wp:term":[{"taxonomy":"product_brand","embeddable":true,"href":"https:\/\/biofarmax.com.br\/index.php\/wp-json\/wp\/v2\/product_brand?post=120"},{"taxonomy":"product_cat","embeddable":true,"href":"https:\/\/biofarmax.com.br\/index.php\/wp-json\/wp\/v2\/product_cat?post=120"},{"taxonomy":"product_tag","embeddable":true,"href":"https:\/\/biofarmax.com.br\/index.php\/wp-json\/wp\/v2\/product_tag?post=120"}],"curies":[{"name":"wp","href":"https:\/\/api.w.org\/{rel}","templated":true}]}}