{"id":119,"date":"2025-10-27T19:02:52","date_gmt":"2025-10-27T19:02:52","guid":{"rendered":"https:\/\/biofarmax.com.br\/?post_type=product&#038;p=119"},"modified":"2026-01-29T19:02:13","modified_gmt":"2026-01-29T19:02:13","slug":"fito-relax","status":"publish","type":"product","link":"https:\/\/biofarmax.com.br\/index.php\/produto\/fito-relax\/","title":{"rendered":"Fito Relax 60 C\u00e1psulas"},"content":{"rendered":"<p><strong>Suplemento alimentar \u00fatil para promover o relaxamento e o sono. Contribui para a redu\u00e7\u00e3o do tempo necess\u00e1rio para adormecer.<\/strong><\/p>\n<p><strong>Quantidade:<\/strong> 60 c\u00e1psulas<\/p>\n<p>&nbsp;<\/p>\n<p><strong>Posologia:<\/strong> Tomar 1 a 2 c\u00e1psulas ap\u00f3s a janta. Tomar at\u00e9 3 c\u00e1psulas em casos de ins\u00f4nia.<\/p>\n<p>&nbsp;<\/p>\n<p><strong>Composi\u00e7\u00e3o:<\/strong> Melissa 50mg, Camomila 50mg, Passiflora 50mg, Griffonia Simplicifolia 25mg, Valeriana 100mg<\/p>\n","protected":false},"excerpt":{"rendered":"<p>Fito Relax<\/p>\n","protected":false},"featured_media":369,"comment_status":"open","ping_status":"closed","template":"","meta":[],"product_brand":[],"product_cat":[20,21],"product_tag":[],"class_list":{"0":"post-119","1":"product","2":"type-product","3":"status-publish","4":"has-post-thumbnail","6":"product_cat-bem-estar","7":"product_cat-saude","9":"first","10":"instock","11":"shipping-taxable","12":"purchasable","13":"product-type-simple"},"_links":{"self":[{"href":"https:\/\/biofarmax.com.br\/index.php\/wp-json\/wp\/v2\/product\/119","targetHints":{"allow":["GET"]}}],"collection":[{"href":"https:\/\/biofarmax.com.br\/index.php\/wp-json\/wp\/v2\/product"}],"about":[{"href":"https:\/\/biofarmax.com.br\/index.php\/wp-json\/wp\/v2\/types\/product"}],"replies":[{"embeddable":true,"href":"https:\/\/biofarmax.com.br\/index.php\/wp-json\/wp\/v2\/comments?post=119"}],"wp:featuredmedia":[{"embeddable":true,"href":"https:\/\/biofarmax.com.br\/index.php\/wp-json\/wp\/v2\/media\/369"}],"wp:attachment":[{"href":"https:\/\/biofarmax.com.br\/index.php\/wp-json\/wp\/v2\/media?parent=119"}],"wp:term":[{"taxonomy":"product_brand","embeddable":true,"href":"https:\/\/biofarmax.com.br\/index.php\/wp-json\/wp\/v2\/product_brand?post=119"},{"taxonomy":"product_cat","embeddable":true,"href":"https:\/\/biofarmax.com.br\/index.php\/wp-json\/wp\/v2\/product_cat?post=119"},{"taxonomy":"product_tag","embeddable":true,"href":"https:\/\/biofarmax.com.br\/index.php\/wp-json\/wp\/v2\/product_tag?post=119"}],"curies":[{"name":"wp","href":"https:\/\/api.w.org\/{rel}","templated":true}]}}