{"id":118,"date":"2025-10-27T18:57:40","date_gmt":"2025-10-27T18:57:40","guid":{"rendered":"https:\/\/biofarmax.com.br\/?post_type=product&#038;p=118"},"modified":"2026-01-29T12:21:29","modified_gmt":"2026-01-29T12:21:29","slug":"capsulas-de-beringela","status":"publish","type":"product","link":"https:\/\/biofarmax.com.br\/index.php\/produto\/capsulas-de-beringela\/","title":{"rendered":"Capsulas de Beringela 60 C\u00e1psulas"},"content":{"rendered":"<p><strong>\u00c9 um suplemento alimentar que serve para ajudar a reduzir o colesterol, tratar a aterosclerose e problemas hep\u00e1ticos. Ela tamb\u00e9m pode auxiliar no processo de emagrecimento por ter a\u00e7\u00e3o diur\u00e9tica e aumentar a saciedade, al\u00e9m de melhorar a digest\u00e3o e a sa\u00fade intestinal.<\/strong><\/p>\n<p><strong>Quantidade:<\/strong> 60 c\u00e1psulas<\/p>\n<p>&nbsp;<\/p>\n<p><strong>Posologia:<\/strong> Tomar 1 c\u00e1psula, 2 vezes ao dia.<\/p>\n<p>&nbsp;<\/p>\n<p><strong>Composi\u00e7\u00e3o:<\/strong> Beringela 300mg<\/p>\n","protected":false},"excerpt":{"rendered":"<p>Capsulas de Beringela<\/p>\n","protected":false},"featured_media":349,"comment_status":"open","ping_status":"closed","template":"","meta":[],"product_brand":[],"product_cat":[20,21],"product_tag":[],"class_list":{"0":"post-118","1":"product","2":"type-product","3":"status-publish","4":"has-post-thumbnail","6":"product_cat-bem-estar","7":"product_cat-saude","9":"first","10":"instock","11":"shipping-taxable","12":"purchasable","13":"product-type-simple"},"_links":{"self":[{"href":"https:\/\/biofarmax.com.br\/index.php\/wp-json\/wp\/v2\/product\/118","targetHints":{"allow":["GET"]}}],"collection":[{"href":"https:\/\/biofarmax.com.br\/index.php\/wp-json\/wp\/v2\/product"}],"about":[{"href":"https:\/\/biofarmax.com.br\/index.php\/wp-json\/wp\/v2\/types\/product"}],"replies":[{"embeddable":true,"href":"https:\/\/biofarmax.com.br\/index.php\/wp-json\/wp\/v2\/comments?post=118"}],"wp:featuredmedia":[{"embeddable":true,"href":"https:\/\/biofarmax.com.br\/index.php\/wp-json\/wp\/v2\/media\/349"}],"wp:attachment":[{"href":"https:\/\/biofarmax.com.br\/index.php\/wp-json\/wp\/v2\/media?parent=118"}],"wp:term":[{"taxonomy":"product_brand","embeddable":true,"href":"https:\/\/biofarmax.com.br\/index.php\/wp-json\/wp\/v2\/product_brand?post=118"},{"taxonomy":"product_cat","embeddable":true,"href":"https:\/\/biofarmax.com.br\/index.php\/wp-json\/wp\/v2\/product_cat?post=118"},{"taxonomy":"product_tag","embeddable":true,"href":"https:\/\/biofarmax.com.br\/index.php\/wp-json\/wp\/v2\/product_tag?post=118"}],"curies":[{"name":"wp","href":"https:\/\/api.w.org\/{rel}","templated":true}]}}