{"id":117,"date":"2025-10-27T18:55:03","date_gmt":"2025-10-27T18:55:03","guid":{"rendered":"https:\/\/biofarmax.com.br\/?post_type=product&#038;p=117"},"modified":"2026-01-29T12:19:49","modified_gmt":"2026-01-29T12:19:49","slug":"blend-de-magnesio","status":"publish","type":"product","link":"https:\/\/biofarmax.com.br\/index.php\/produto\/blend-de-magnesio\/","title":{"rendered":"Blend de Magn\u00e9sio 60 C\u00e1psulas"},"content":{"rendered":"<p><strong>Ele \u00e9 desenvolvido para auxiliar na sa\u00fade \u00f3ssea, muscular, nervosa e cognitiva, melhorar a qualidade do sono, reduzir o estresse e a ansiedade, e apoiar o metabolismo energ\u00e9tico.<\/strong><\/p>\n<p><strong>Quantidade:<\/strong> 60 c\u00e1psulas<\/p>\n<p>&nbsp;<\/p>\n<p><strong>Posologia:<\/strong> Tomar 1 a 2 c\u00e1psulas ao dia junto as refei\u00e7\u00f5es.<\/p>\n<p>&nbsp;<\/p>\n<p><strong>Composi\u00e7\u00e3o:<\/strong> Magnesio L-Treonato 100mg, Magnesio Dimalato 100mg, Magnesio Glicina 100mg<\/p>\n","protected":false},"excerpt":{"rendered":"<p>Blend de Magn\u00e9sio<\/p>\n","protected":false},"featured_media":350,"comment_status":"open","ping_status":"closed","template":"","meta":[],"product_brand":[],"product_cat":[20,21],"product_tag":[],"class_list":{"0":"post-117","1":"product","2":"type-product","3":"status-publish","4":"has-post-thumbnail","6":"product_cat-bem-estar","7":"product_cat-saude","9":"first","10":"instock","11":"shipping-taxable","12":"purchasable","13":"product-type-simple"},"_links":{"self":[{"href":"https:\/\/biofarmax.com.br\/index.php\/wp-json\/wp\/v2\/product\/117","targetHints":{"allow":["GET"]}}],"collection":[{"href":"https:\/\/biofarmax.com.br\/index.php\/wp-json\/wp\/v2\/product"}],"about":[{"href":"https:\/\/biofarmax.com.br\/index.php\/wp-json\/wp\/v2\/types\/product"}],"replies":[{"embeddable":true,"href":"https:\/\/biofarmax.com.br\/index.php\/wp-json\/wp\/v2\/comments?post=117"}],"wp:featuredmedia":[{"embeddable":true,"href":"https:\/\/biofarmax.com.br\/index.php\/wp-json\/wp\/v2\/media\/350"}],"wp:attachment":[{"href":"https:\/\/biofarmax.com.br\/index.php\/wp-json\/wp\/v2\/media?parent=117"}],"wp:term":[{"taxonomy":"product_brand","embeddable":true,"href":"https:\/\/biofarmax.com.br\/index.php\/wp-json\/wp\/v2\/product_brand?post=117"},{"taxonomy":"product_cat","embeddable":true,"href":"https:\/\/biofarmax.com.br\/index.php\/wp-json\/wp\/v2\/product_cat?post=117"},{"taxonomy":"product_tag","embeddable":true,"href":"https:\/\/biofarmax.com.br\/index.php\/wp-json\/wp\/v2\/product_tag?post=117"}],"curies":[{"name":"wp","href":"https:\/\/api.w.org\/{rel}","templated":true}]}}