{"id":116,"date":"2025-10-27T18:35:27","date_gmt":"2025-10-27T18:35:27","guid":{"rendered":"https:\/\/biofarmax.com.br\/?post_type=product&#038;p=116"},"modified":"2026-01-28T20:52:22","modified_gmt":"2026-01-28T20:52:22","slug":"shampoo-anti-queda","status":"publish","type":"product","link":"https:\/\/biofarmax.com.br\/index.php\/produto\/shampoo-anti-queda\/","title":{"rendered":"Shampoo Anti-Queda 250ml"},"content":{"rendered":"<p><strong>Nosso consagrado Shampoo Anti-Queda auxiliar no tratamento da queda e crescimento dos cabelos.<\/strong><\/p>\n<p>&nbsp;<\/p>\n<p><strong>Modo de Uso:<\/strong> Passar nos cabelos, massagear e enxaguar em seguida.<\/p>\n<p>&nbsp;<\/p>\n<p><strong>Composi\u00e7\u00e3o:<\/strong> Capsicum, Ext glic\u00f3lico, Jaborandi, alecrim, tintura de Cantharidas.<\/p>\n","protected":false},"excerpt":{"rendered":"<p>Nosso consagrado Shampoo Anti-Queda auxiliar no tratamento da queda e crescimento dos cabelos. &nbsp; Modo de Uso: Passar nos cabelos, massagear e enxaguar em seguida. &nbsp; Composi\u00e7\u00e3o: Capsicum, Ext glic\u00f3lico, Jaborandi, alecrim, tintura de Cantharidas.<\/p>\n","protected":false},"featured_media":351,"comment_status":"open","ping_status":"closed","template":"","meta":[],"product_brand":[],"product_cat":[20],"product_tag":[],"class_list":{"0":"post-116","1":"product","2":"type-product","3":"status-publish","4":"has-post-thumbnail","6":"product_cat-bem-estar","8":"first","9":"instock","10":"shipping-taxable","11":"purchasable","12":"product-type-simple"},"_links":{"self":[{"href":"https:\/\/biofarmax.com.br\/index.php\/wp-json\/wp\/v2\/product\/116","targetHints":{"allow":["GET"]}}],"collection":[{"href":"https:\/\/biofarmax.com.br\/index.php\/wp-json\/wp\/v2\/product"}],"about":[{"href":"https:\/\/biofarmax.com.br\/index.php\/wp-json\/wp\/v2\/types\/product"}],"replies":[{"embeddable":true,"href":"https:\/\/biofarmax.com.br\/index.php\/wp-json\/wp\/v2\/comments?post=116"}],"wp:featuredmedia":[{"embeddable":true,"href":"https:\/\/biofarmax.com.br\/index.php\/wp-json\/wp\/v2\/media\/351"}],"wp:attachment":[{"href":"https:\/\/biofarmax.com.br\/index.php\/wp-json\/wp\/v2\/media?parent=116"}],"wp:term":[{"taxonomy":"product_brand","embeddable":true,"href":"https:\/\/biofarmax.com.br\/index.php\/wp-json\/wp\/v2\/product_brand?post=116"},{"taxonomy":"product_cat","embeddable":true,"href":"https:\/\/biofarmax.com.br\/index.php\/wp-json\/wp\/v2\/product_cat?post=116"},{"taxonomy":"product_tag","embeddable":true,"href":"https:\/\/biofarmax.com.br\/index.php\/wp-json\/wp\/v2\/product_tag?post=116"}],"curies":[{"name":"wp","href":"https:\/\/api.w.org\/{rel}","templated":true}]}}