{"id":111,"date":"2025-10-27T18:26:46","date_gmt":"2025-10-27T18:26:46","guid":{"rendered":"https:\/\/biofarmax.com.br\/?post_type=product&#038;p=111"},"modified":"2026-01-28T20:51:04","modified_gmt":"2026-01-28T20:51:04","slug":"protetor-solar-em-gel-fps-30-2","status":"publish","type":"product","link":"https:\/\/biofarmax.com.br\/index.php\/produto\/protetor-solar-em-gel-fps-30-2\/","title":{"rendered":"Protetor Solar Gel FPS-30 100ml"},"content":{"rendered":"<p><strong>Foto prote\u00e7\u00e3o eficaz e segura sem quaisquer oleosidade.<\/strong><\/p>\n<p>&nbsp;<\/p>\n<p><strong>Aplica\u00e7\u00e3o:<\/strong> Aplicar sobre a pele 30 minutos antes da exposi\u00e7\u00e3o ao Sol. Reaplicar 2 a 3 vezes se necess\u00e1rio.<\/p>\n<p>&nbsp;<\/p>\n<p><strong>Composi\u00e7\u00e3o:<\/strong> Filtro Solar UVA, Hidro Gel Clean.<\/p>\n","protected":false},"excerpt":{"rendered":"<p>Protetor Solar em Gel FPS 30<\/p>\n","protected":false},"featured_media":356,"comment_status":"open","ping_status":"closed","template":"","meta":[],"product_brand":[],"product_cat":[22],"product_tag":[],"class_list":{"0":"post-111","1":"product","2":"type-product","3":"status-publish","4":"has-post-thumbnail","6":"product_cat-pele","8":"first","9":"instock","10":"shipping-taxable","11":"purchasable","12":"product-type-simple"},"_links":{"self":[{"href":"https:\/\/biofarmax.com.br\/index.php\/wp-json\/wp\/v2\/product\/111","targetHints":{"allow":["GET"]}}],"collection":[{"href":"https:\/\/biofarmax.com.br\/index.php\/wp-json\/wp\/v2\/product"}],"about":[{"href":"https:\/\/biofarmax.com.br\/index.php\/wp-json\/wp\/v2\/types\/product"}],"replies":[{"embeddable":true,"href":"https:\/\/biofarmax.com.br\/index.php\/wp-json\/wp\/v2\/comments?post=111"}],"wp:featuredmedia":[{"embeddable":true,"href":"https:\/\/biofarmax.com.br\/index.php\/wp-json\/wp\/v2\/media\/356"}],"wp:attachment":[{"href":"https:\/\/biofarmax.com.br\/index.php\/wp-json\/wp\/v2\/media?parent=111"}],"wp:term":[{"taxonomy":"product_brand","embeddable":true,"href":"https:\/\/biofarmax.com.br\/index.php\/wp-json\/wp\/v2\/product_brand?post=111"},{"taxonomy":"product_cat","embeddable":true,"href":"https:\/\/biofarmax.com.br\/index.php\/wp-json\/wp\/v2\/product_cat?post=111"},{"taxonomy":"product_tag","embeddable":true,"href":"https:\/\/biofarmax.com.br\/index.php\/wp-json\/wp\/v2\/product_tag?post=111"}],"curies":[{"name":"wp","href":"https:\/\/api.w.org\/{rel}","templated":true}]}}