{"id":109,"date":"2025-10-27T18:20:15","date_gmt":"2025-10-27T18:20:15","guid":{"rendered":"https:\/\/biofarmax.com.br\/?post_type=product&#038;p=109"},"modified":"2026-01-28T20:51:35","modified_gmt":"2026-01-28T20:51:35","slug":"sabonete-liquido-adstringente-anti-acne","status":"publish","type":"product","link":"https:\/\/biofarmax.com.br\/index.php\/produto\/sabonete-liquido-adstringente-anti-acne\/","title":{"rendered":"Sabonete L\u00edquido Adstringente 250ml"},"content":{"rendered":"<p><strong>Ajuda a controlar a oleosidade, previne e trata cravos e espinhas.<\/strong><\/p>\n<p>&nbsp;<\/p>\n<p><strong>Modo de Usar:<\/strong> Lavar o rosto diariamente usando o produto ou 3 vezes por semana.<\/p>\n<p>&nbsp;<\/p>\n<p><strong>Composi\u00e7\u00e3o:<\/strong> Sabonete L\u00edquido, cal\u00eandula estrato, hamamelis extrato, bardana extrato, sulfato de zinco e \u00d3leo de Melaleuca.<\/p>\n","protected":false},"excerpt":{"rendered":"<p>Sabonete L\u00edquido Adstringente Anti-Acne<\/p>\n","protected":false},"featured_media":357,"comment_status":"open","ping_status":"closed","template":"","meta":[],"product_brand":[],"product_cat":[22],"product_tag":[],"class_list":{"0":"post-109","1":"product","2":"type-product","3":"status-publish","4":"has-post-thumbnail","6":"product_cat-pele","8":"first","9":"instock","10":"shipping-taxable","11":"purchasable","12":"product-type-simple"},"_links":{"self":[{"href":"https:\/\/biofarmax.com.br\/index.php\/wp-json\/wp\/v2\/product\/109","targetHints":{"allow":["GET"]}}],"collection":[{"href":"https:\/\/biofarmax.com.br\/index.php\/wp-json\/wp\/v2\/product"}],"about":[{"href":"https:\/\/biofarmax.com.br\/index.php\/wp-json\/wp\/v2\/types\/product"}],"replies":[{"embeddable":true,"href":"https:\/\/biofarmax.com.br\/index.php\/wp-json\/wp\/v2\/comments?post=109"}],"wp:featuredmedia":[{"embeddable":true,"href":"https:\/\/biofarmax.com.br\/index.php\/wp-json\/wp\/v2\/media\/357"}],"wp:attachment":[{"href":"https:\/\/biofarmax.com.br\/index.php\/wp-json\/wp\/v2\/media?parent=109"}],"wp:term":[{"taxonomy":"product_brand","embeddable":true,"href":"https:\/\/biofarmax.com.br\/index.php\/wp-json\/wp\/v2\/product_brand?post=109"},{"taxonomy":"product_cat","embeddable":true,"href":"https:\/\/biofarmax.com.br\/index.php\/wp-json\/wp\/v2\/product_cat?post=109"},{"taxonomy":"product_tag","embeddable":true,"href":"https:\/\/biofarmax.com.br\/index.php\/wp-json\/wp\/v2\/product_tag?post=109"}],"curies":[{"name":"wp","href":"https:\/\/api.w.org\/{rel}","templated":true}]}}