{"id":103,"date":"2025-10-27T13:37:22","date_gmt":"2025-10-27T13:37:22","guid":{"rendered":"https:\/\/biofarmax.com.br\/?post_type=product&#038;p=103"},"modified":"2026-01-29T14:30:41","modified_gmt":"2026-01-29T14:30:41","slug":"colageno-com-verisol-e-vitaminas","status":"publish","type":"product","link":"https:\/\/biofarmax.com.br\/index.php\/produto\/colageno-com-verisol-e-vitaminas\/","title":{"rendered":"Col\u00e1geno com Verisol e Vitaminas 250g"},"content":{"rendered":"<p><strong>Suplemento que melhora a firmeza e elasticidade da pele, reduz linhas finas de express\u00e3o. Ajuda a restaurar o t\u00f4nus cut\u00e2neo promovendo uma apar\u00eancia mais jovem<\/strong><\/p>\n<p><strong>Sabor:<\/strong> Baunilha<\/p>\n<p><strong>Composi\u00e7\u00e3o:<\/strong> Col\u00e1geno Hidrolisado (peptideos de Col\u00e1geno), verisol acidulante (\u00c1cido ascorbico), Vitamina B5, Vitamina PP, Alfa Tocoferol, Zinco, Piridoxina, Cobre, Biotina, Retinol, flavorizante sabor baun\u00edlia, edulcorante (sucralose). N\u00c3O CONT\u00c9M GL\u00daTEN.<\/p>\n<p><strong>Posologia:<\/strong> Tomar 1 a 2 Scoops (5 a 10g) ao dia, em \u00e1gua ou suco.<\/p>\n","protected":false},"excerpt":{"rendered":"<p>Col\u00e1geno com Verisol e Vitaminas<\/p>\n","protected":false},"featured_media":363,"comment_status":"open","ping_status":"closed","template":"","meta":[],"product_brand":[],"product_cat":[20],"product_tag":[],"class_list":{"0":"post-103","1":"product","2":"type-product","3":"status-publish","4":"has-post-thumbnail","6":"product_cat-bem-estar","8":"first","9":"instock","10":"shipping-taxable","11":"purchasable","12":"product-type-simple"},"_links":{"self":[{"href":"https:\/\/biofarmax.com.br\/index.php\/wp-json\/wp\/v2\/product\/103","targetHints":{"allow":["GET"]}}],"collection":[{"href":"https:\/\/biofarmax.com.br\/index.php\/wp-json\/wp\/v2\/product"}],"about":[{"href":"https:\/\/biofarmax.com.br\/index.php\/wp-json\/wp\/v2\/types\/product"}],"replies":[{"embeddable":true,"href":"https:\/\/biofarmax.com.br\/index.php\/wp-json\/wp\/v2\/comments?post=103"}],"wp:featuredmedia":[{"embeddable":true,"href":"https:\/\/biofarmax.com.br\/index.php\/wp-json\/wp\/v2\/media\/363"}],"wp:attachment":[{"href":"https:\/\/biofarmax.com.br\/index.php\/wp-json\/wp\/v2\/media?parent=103"}],"wp:term":[{"taxonomy":"product_brand","embeddable":true,"href":"https:\/\/biofarmax.com.br\/index.php\/wp-json\/wp\/v2\/product_brand?post=103"},{"taxonomy":"product_cat","embeddable":true,"href":"https:\/\/biofarmax.com.br\/index.php\/wp-json\/wp\/v2\/product_cat?post=103"},{"taxonomy":"product_tag","embeddable":true,"href":"https:\/\/biofarmax.com.br\/index.php\/wp-json\/wp\/v2\/product_tag?post=103"}],"curies":[{"name":"wp","href":"https:\/\/api.w.org\/{rel}","templated":true}]}}