{"id":102,"date":"2025-10-27T13:25:03","date_gmt":"2025-10-27T13:25:03","guid":{"rendered":"https:\/\/biofarmax.com.br\/?post_type=product&#038;p=102"},"modified":"2026-01-29T12:26:42","modified_gmt":"2026-01-29T12:26:42","slug":"clonapure","status":"publish","type":"product","link":"https:\/\/biofarmax.com.br\/index.php\/produto\/clonapure\/","title":{"rendered":"Clonapure em P\u00f3 60g"},"content":{"rendered":"<p><strong>O Clonapure \u00e9 capaz de aumentar em at\u00e9 70% a produ\u00e7\u00e3o de ATP, a mol\u00e9cula respons\u00e1vel por gerar energia nas c\u00e9lulas, com uma absor\u00e7\u00e3o 2x mais eficiente que a creatina comum.\u00a0<\/strong><\/p>\n<p>\u2705Efeito desde o primeiro uso;<\/p>\n<p>\u2705 20x mais r\u00e1pida que creatina;<\/p>\n<p>\u2705 Auxilia na recupera\u00e7\u00e3o muscular;<\/p>\n<p>\u2705 Promove mais for\u00e7a e energia;<\/p>\n<p>\u2705 Efeito neuroprotetor.<\/p>\n<p><strong>Posologia: Tomar 1 scoop (1,8g) ao dia ou conforme orienta\u00e7\u00e3o profissional.<\/strong><\/p>\n","protected":false},"excerpt":{"rendered":"<p>Creatina de efeito imediato<\/p>\n","protected":false},"featured_media":364,"comment_status":"open","ping_status":"closed","template":"","meta":[],"product_brand":[],"product_cat":[19],"product_tag":[],"class_list":{"0":"post-102","1":"product","2":"type-product","3":"status-publish","4":"has-post-thumbnail","6":"product_cat-fitness","8":"first","9":"instock","10":"shipping-taxable","11":"purchasable","12":"product-type-simple"},"_links":{"self":[{"href":"https:\/\/biofarmax.com.br\/index.php\/wp-json\/wp\/v2\/product\/102","targetHints":{"allow":["GET"]}}],"collection":[{"href":"https:\/\/biofarmax.com.br\/index.php\/wp-json\/wp\/v2\/product"}],"about":[{"href":"https:\/\/biofarmax.com.br\/index.php\/wp-json\/wp\/v2\/types\/product"}],"replies":[{"embeddable":true,"href":"https:\/\/biofarmax.com.br\/index.php\/wp-json\/wp\/v2\/comments?post=102"}],"wp:featuredmedia":[{"embeddable":true,"href":"https:\/\/biofarmax.com.br\/index.php\/wp-json\/wp\/v2\/media\/364"}],"wp:attachment":[{"href":"https:\/\/biofarmax.com.br\/index.php\/wp-json\/wp\/v2\/media?parent=102"}],"wp:term":[{"taxonomy":"product_brand","embeddable":true,"href":"https:\/\/biofarmax.com.br\/index.php\/wp-json\/wp\/v2\/product_brand?post=102"},{"taxonomy":"product_cat","embeddable":true,"href":"https:\/\/biofarmax.com.br\/index.php\/wp-json\/wp\/v2\/product_cat?post=102"},{"taxonomy":"product_tag","embeddable":true,"href":"https:\/\/biofarmax.com.br\/index.php\/wp-json\/wp\/v2\/product_tag?post=102"}],"curies":[{"name":"wp","href":"https:\/\/api.w.org\/{rel}","templated":true}]}}