{"id":436,"date":"2025-11-18T18:59:15","date_gmt":"2025-11-18T18:59:15","guid":{"rendered":"https:\/\/biofarmax.com.br\/?page_id=436"},"modified":"2025-11-26T00:35:09","modified_gmt":"2025-11-26T00:35:09","slug":"biobeauty","status":"publish","type":"page","link":"https:\/\/biofarmax.com.br\/index.php\/biobeauty\/","title":{"rendered":"Biobeauty"},"content":{"rendered":"\t\t<div data-elementor-type=\"wp-page\" data-elementor-id=\"436\" class=\"elementor elementor-436\" data-elementor-post-type=\"page\">\n\t\t\t\t<div class=\"elementor-element elementor-element-575017c e-flex e-con-boxed e-con e-parent\" data-id=\"575017c\" data-element_type=\"container\" data-e-type=\"container\">\n\t\t\t\t\t<div class=\"e-con-inner\">\n\t\t\t\t<div class=\"elementor-element elementor-element-08af257 elementor-widget elementor-widget-image\" data-id=\"08af257\" data-element_type=\"widget\" data-e-type=\"widget\" data-widget_type=\"image.default\">\n\t\t\t\t\t\t\t\t\t\t\t\t\t\t\t<img fetchpriority=\"high\" decoding=\"async\" width=\"850\" height=\"250\" src=\"https:\/\/biofarmax.com.br\/wp-content\/uploads\/2025\/11\/CAPA-PDRN.png\" class=\"attachment-2048x2048 size-2048x2048 wp-image-548\" alt=\"\" srcset=\"https:\/\/biofarmax.com.br\/wp-content\/uploads\/2025\/11\/CAPA-PDRN.png 850w, https:\/\/biofarmax.com.br\/wp-content\/uploads\/2025\/11\/CAPA-PDRN-300x88.png 300w, https:\/\/biofarmax.com.br\/wp-content\/uploads\/2025\/11\/CAPA-PDRN-768x226.png 768w, https:\/\/biofarmax.com.br\/wp-content\/uploads\/2025\/11\/CAPA-PDRN-600x176.png 600w\" sizes=\"(max-width: 850px) 100vw, 850px\" \/>\t\t\t\t\t\t\t\t\t\t\t\t\t\t\t<\/div>\n\t\t\t\t\t<\/div>\n\t\t\t\t<\/div>\n\t\t<div class=\"elementor-element elementor-element-453364f e-flex e-con-boxed e-con e-parent\" data-id=\"453364f\" data-element_type=\"container\" data-e-type=\"container\">\n\t\t\t\t\t<div class=\"e-con-inner\">\n\t\t\t\t<div class=\"elementor-element elementor-element-c46492e elementor-widget elementor-widget-spacer\" data-id=\"c46492e\" data-element_type=\"widget\" data-e-type=\"widget\" data-widget_type=\"spacer.default\">\n\t\t\t\t\t\t\t<div class=\"elementor-spacer\">\n\t\t\t<div class=\"elementor-spacer-inner\"><\/div>\n\t\t<\/div>\n\t\t\t\t\t\t<\/div>\n\t\t\t\t\t<\/div>\n\t\t\t\t<\/div>\n\t\t<div class=\"elementor-element elementor-element-9430dca e-flex e-con-boxed e-con e-parent\" data-id=\"9430dca\" data-element_type=\"container\" data-e-type=\"container\">\n\t\t\t\t\t<div class=\"e-con-inner\">\n\t\t\t\t<div class=\"elementor-element elementor-element-0e9fba6 elementor-widget elementor-widget-heading\" data-id=\"0e9fba6\" data-element_type=\"widget\" data-e-type=\"widget\" data-widget_type=\"heading.default\">\n\t\t\t\t\t<h2 class=\"elementor-heading-title elementor-size-default\">Queridinhos da Biobeauty<\/h2>\t\t\t\t<\/div>\n\t\t\t\t\t<\/div>\n\t\t\t\t<\/div>\n\t\t<div class=\"elementor-element elementor-element-7cbb07c e-flex e-con-boxed e-con e-parent\" data-id=\"7cbb07c\" data-element_type=\"container\" data-e-type=\"container\">\n\t\t\t\t\t<div class=\"e-con-inner\">\n\t\t\t\t<div class=\"elementor-element elementor-element-751da89 premium-woo-product-align-center premium-qv-hidden-yes elementor-widget elementor-widget-premium-woo-products\" data-id=\"751da89\" data-element_type=\"widget\" data-e-type=\"widget\" data-settings=\"{&quot;products_show&quot;:3,&quot;products_show_tablet&quot;:2,&quot;products_show_mobile&quot;:1,&quot;products_on_scroll&quot;:1}\" data-widget_type=\"premium-woo-products.grid-1\">\n\t\t\t\t<div class=\"elementor-widget-container\">\n\t\t\t\t\t<div class=\"premium-carousel-hidden premium-woocommerce premium-woo-products-carousel premium-woo-skin-grid-1 premium-woo-query-custom\" data-woo_carousel=\"{&quot;slidesToShow&quot;:3,&quot;slidesToScroll&quot;:1,&quot;autoplaySpeed&quot;:3000,&quot;autoplay&quot;:true,&quot;infinite&quot;:true,&quot;pauseOnHover&quot;:false,&quot;speed&quot;:500,&quot;arrows&quot;:true,&quot;dots&quot;:true,&quot;rtl&quot;:false,&quot;prevArrow&quot;:&quot;&lt;a type=\\&quot;button\\&quot; data-role=\\&quot;none\\&quot; class=\\&quot;carousel-arrow carousel-prev\\&quot; aria-label=\\&quot;Previous\\&quot; role=\\&quot;button\\&quot; style=\\&quot;\\&quot;&gt;&lt;i class=\\&quot;fas fa-angle-left\\&quot; aria-hidden=\\&quot;true\\&quot;&gt;&lt;\\\/i&gt;&lt;\\\/a&gt;&quot;,&quot;nextArrow&quot;:&quot;&lt;a type=\\&quot;button\\&quot; data-role=\\&quot;none\\&quot; class=\\&quot;carousel-arrow carousel-next\\&quot; aria-label=\\&quot;Next\\&quot; role=\\&quot;button\\&quot; style=\\&quot;\\&quot;&gt;&lt;i class=\\&quot;fas fa-angle-right\\&quot; aria-hidden=\\&quot;true\\&quot;&gt;&lt;\\\/i&gt;&lt;\\\/a&gt;&quot;,&quot;responsive&quot;:[{&quot;breakpoint&quot;:1024,&quot;settings&quot;:{&quot;slidesToShow&quot;:2,&quot;slidesToScroll&quot;:2}},{&quot;breakpoint&quot;:767,&quot;settings&quot;:{&quot;slidesToShow&quot;:1,&quot;slidesToScroll&quot;:1}}]}\" data-page-id=\"436\" data-skin=\"grid_1\" data-quick-view=\"\"><div class=\"premium-woo-products-inner premium-woo-product__hover-swap\"><ul class=\"products columns-4\">\n\r\n<li class=\" post-582 product first instock shipping-taxable purchasable product-type-simple\">\r\n\t<div class=\"premium-woo-product-wrapper premium-con-lq__none\">\r\n\t\t<div class=\"premium-woo-product-thumbnail\"><a href=\"https:\/\/biofarmax.com.br\/index.php\/produto\/gloss-nic-rose\/\" class=\"woocommerce-LoopProduct-link woocommerce-loop-product__link\"><img decoding=\"async\" src=\"https:\/\/biofarmax.com.br\/wp-content\/uploads\/2025\/11\/GLOSS-NIC-ROSE-1.png\" alt=\"\"><img decoding=\"async\" width=\"1000\" height=\"1000\" src=\"https:\/\/biofarmax.com.br\/wp-content\/uploads\/2025\/11\/GLOSS-NIC-ROSE-2.png\" class=\"premium-woo-product__on_hover\" alt=\"\" \/><\/a><\/div><div class=\"premium-woo-products-details-wrap\"><a href=\"https:\/\/biofarmax.com.br\/index.php\/produto\/gloss-nic-rose\/\" class=\"premium-woo-product__link\"><h2 class=\"woocommerce-loop-product__title\">Gloss Nic Rose<\/h2><\/a>\n\t<span class=\"price\"><span class=\"woocommerce-Price-amount amount\"><bdi><span class=\"woocommerce-Price-currencySymbol\">&#82;&#36;<\/span>&nbsp;59,90<\/bdi><\/span><\/span>\n<div class=\"premium-woo-atc-button\" ><a href=\"\/index.php\/wp-json\/wp\/v2\/pages\/436?add-to-cart=582\" aria-describedby=\"woocommerce_loop_add_to_cart_link_describedby_582\" data-quantity=\"1\" class=\"button product_type_simple add_to_cart_button ajax_add_to_cart\" data-product_id=\"582\" data-product_sku=\"\" aria-label=\"Adicione ao carrinho: &ldquo;Gloss Nic Rose&rdquo;\" rel=\"nofollow\" data-success_message=\"\u201cGloss Nic Rose\u201d foi adicionado ao seu carrinho\" role=\"button\">Adicionar ao carrinho<\/a>\t<span id=\"woocommerce_loop_add_to_cart_link_describedby_582\" class=\"screen-reader-text\">\n\t\t\t<\/span>\n<\/div><\/div>\t<\/div>\r\n<\/li>\r\n\r\n<li class=\" post-578 product  instock shipping-taxable purchasable product-type-simple\">\r\n\t<div class=\"premium-woo-product-wrapper premium-con-lq__none\">\r\n\t\t<div class=\"premium-woo-product-thumbnail\"><a href=\"https:\/\/biofarmax.com.br\/index.php\/produto\/gloss-any-red\/\" class=\"woocommerce-LoopProduct-link woocommerce-loop-product__link\"><img decoding=\"async\" src=\"https:\/\/biofarmax.com.br\/wp-content\/uploads\/2025\/11\/GLOSS-ANY-RED-1.png\" alt=\"\"><img decoding=\"async\" width=\"1000\" height=\"1000\" src=\"https:\/\/biofarmax.com.br\/wp-content\/uploads\/2025\/11\/GLOSS-ANY-RED-2.png\" class=\"premium-woo-product__on_hover\" alt=\"\" \/><\/a><\/div><div class=\"premium-woo-products-details-wrap\"><a href=\"https:\/\/biofarmax.com.br\/index.php\/produto\/gloss-any-red\/\" class=\"premium-woo-product__link\"><h2 class=\"woocommerce-loop-product__title\">Gloss Any Red<\/h2><\/a>\n\t<span class=\"price\"><span class=\"woocommerce-Price-amount amount\"><bdi><span class=\"woocommerce-Price-currencySymbol\">&#82;&#36;<\/span>&nbsp;59,90<\/bdi><\/span><\/span>\n<div class=\"premium-woo-atc-button\" ><a href=\"\/index.php\/wp-json\/wp\/v2\/pages\/436?add-to-cart=578\" aria-describedby=\"woocommerce_loop_add_to_cart_link_describedby_578\" data-quantity=\"1\" class=\"button product_type_simple add_to_cart_button ajax_add_to_cart\" data-product_id=\"578\" data-product_sku=\"\" aria-label=\"Adicione ao carrinho: &ldquo;Gloss Any Red&rdquo;\" rel=\"nofollow\" data-success_message=\"\u201cGloss Any Red\u201d foi adicionado ao seu carrinho\" role=\"button\">Adicionar ao carrinho<\/a>\t<span id=\"woocommerce_loop_add_to_cart_link_describedby_578\" class=\"screen-reader-text\">\n\t\t\t<\/span>\n<\/div><\/div>\t<\/div>\r\n<\/li>\r\n\r\n<li class=\" post-576 product  instock shipping-taxable purchasable product-type-simple\">\r\n\t<div class=\"premium-woo-product-wrapper premium-con-lq__none\">\r\n\t\t<div class=\"premium-woo-product-thumbnail\"><a href=\"https:\/\/biofarmax.com.br\/index.php\/produto\/hidratante-facial-noturno\/\" class=\"woocommerce-LoopProduct-link woocommerce-loop-product__link\"><img decoding=\"async\" src=\"https:\/\/biofarmax.com.br\/wp-content\/uploads\/2025\/11\/HIDRATANTE-FACIAL.png\" alt=\"\"><\/a><\/div><div class=\"premium-woo-products-details-wrap\"><a href=\"https:\/\/biofarmax.com.br\/index.php\/produto\/hidratante-facial-noturno\/\" class=\"premium-woo-product__link\"><h2 class=\"woocommerce-loop-product__title\">Hidratante Facial Noturno<\/h2><\/a>\n\t<span class=\"price\"><span class=\"woocommerce-Price-amount amount\"><bdi><span class=\"woocommerce-Price-currencySymbol\">&#82;&#36;<\/span>&nbsp;49,90<\/bdi><\/span><\/span>\n<div class=\"premium-woo-atc-button\" ><a href=\"\/index.php\/wp-json\/wp\/v2\/pages\/436?add-to-cart=576\" aria-describedby=\"woocommerce_loop_add_to_cart_link_describedby_576\" data-quantity=\"1\" class=\"button product_type_simple add_to_cart_button ajax_add_to_cart\" data-product_id=\"576\" data-product_sku=\"\" aria-label=\"Adicione ao carrinho: &ldquo;Hidratante Facial Noturno&rdquo;\" rel=\"nofollow\" data-success_message=\"\u201cHidratante Facial Noturno\u201d foi adicionado ao seu carrinho\" role=\"button\">Adicionar ao carrinho<\/a>\t<span id=\"woocommerce_loop_add_to_cart_link_describedby_576\" class=\"screen-reader-text\">\n\t\t\t<\/span>\n<\/div><\/div>\t<\/div>\r\n<\/li>\r\n\r\n<li class=\" post-574 product last instock shipping-taxable purchasable product-type-simple\">\r\n\t<div class=\"premium-woo-product-wrapper premium-con-lq__none\">\r\n\t\t<div class=\"premium-woo-product-thumbnail\"><a href=\"https:\/\/biofarmax.com.br\/index.php\/produto\/creme-lifting-peptide\/\" class=\"woocommerce-LoopProduct-link woocommerce-loop-product__link\"><img decoding=\"async\" src=\"https:\/\/biofarmax.com.br\/wp-content\/uploads\/2025\/11\/CREME-LIFTING.png\" alt=\"\"><\/a><\/div><div class=\"premium-woo-products-details-wrap\"><a href=\"https:\/\/biofarmax.com.br\/index.php\/produto\/creme-lifting-peptide\/\" class=\"premium-woo-product__link\"><h2 class=\"woocommerce-loop-product__title\">Creme Lifting Peptide<\/h2><\/a>\n\t<span class=\"price\"><span class=\"woocommerce-Price-amount amount\"><bdi><span class=\"woocommerce-Price-currencySymbol\">&#82;&#36;<\/span>&nbsp;69,90<\/bdi><\/span><\/span>\n<div class=\"premium-woo-atc-button\" ><a href=\"\/index.php\/wp-json\/wp\/v2\/pages\/436?add-to-cart=574\" aria-describedby=\"woocommerce_loop_add_to_cart_link_describedby_574\" data-quantity=\"1\" class=\"button product_type_simple add_to_cart_button ajax_add_to_cart\" data-product_id=\"574\" data-product_sku=\"\" aria-label=\"Adicione ao carrinho: &ldquo;Creme Lifting Peptide&rdquo;\" rel=\"nofollow\" data-success_message=\"\u201cCreme Lifting Peptide\u201d foi adicionado ao seu carrinho\" role=\"button\">Adicionar ao carrinho<\/a>\t<span id=\"woocommerce_loop_add_to_cart_link_describedby_574\" class=\"screen-reader-text\">\n\t\t\t<\/span>\n<\/div><\/div>\t<\/div>\r\n<\/li>\r\n\r\n<li class=\" post-572 product first instock shipping-taxable purchasable product-type-simple\">\r\n\t<div class=\"premium-woo-product-wrapper premium-con-lq__none\">\r\n\t\t<div class=\"premium-woo-product-thumbnail\"><a href=\"https:\/\/biofarmax.com.br\/index.php\/produto\/serum-renovage\/\" class=\"woocommerce-LoopProduct-link woocommerce-loop-product__link\"><img decoding=\"async\" src=\"https:\/\/biofarmax.com.br\/wp-content\/uploads\/2025\/11\/SERUM-RENOVAGE.png\" alt=\"\"><\/a><\/div><div class=\"premium-woo-products-details-wrap\"><a href=\"https:\/\/biofarmax.com.br\/index.php\/produto\/serum-renovage\/\" class=\"premium-woo-product__link\"><h2 class=\"woocommerce-loop-product__title\">Serum Renovage<\/h2><\/a>\n\t<span class=\"price\"><span class=\"woocommerce-Price-amount amount\"><bdi><span class=\"woocommerce-Price-currencySymbol\">&#82;&#36;<\/span>&nbsp;89,90<\/bdi><\/span><\/span>\n<div class=\"premium-woo-atc-button\" ><a href=\"\/index.php\/wp-json\/wp\/v2\/pages\/436?add-to-cart=572\" aria-describedby=\"woocommerce_loop_add_to_cart_link_describedby_572\" data-quantity=\"1\" class=\"button product_type_simple add_to_cart_button ajax_add_to_cart\" data-product_id=\"572\" data-product_sku=\"\" aria-label=\"Adicione ao carrinho: &ldquo;Serum Renovage&rdquo;\" rel=\"nofollow\" data-success_message=\"\u201cSerum Renovage\u201d foi adicionado ao seu carrinho\" role=\"button\">Adicionar ao carrinho<\/a>\t<span id=\"woocommerce_loop_add_to_cart_link_describedby_572\" class=\"screen-reader-text\">\n\t\t\t<\/span>\n<\/div><\/div>\t<\/div>\r\n<\/li>\r\n\r\n<li class=\" post-570 product  instock shipping-taxable purchasable product-type-simple\">\r\n\t<div class=\"premium-woo-product-wrapper premium-con-lq__none\">\r\n\t\t<div class=\"premium-woo-product-thumbnail\"><a href=\"https:\/\/biofarmax.com.br\/index.php\/produto\/botulim\/\" class=\"woocommerce-LoopProduct-link woocommerce-loop-product__link\"><img decoding=\"async\" src=\"https:\/\/biofarmax.com.br\/wp-content\/uploads\/2025\/11\/BOTULIM.png\" alt=\"\"><\/a><\/div><div class=\"premium-woo-products-details-wrap\"><a href=\"https:\/\/biofarmax.com.br\/index.php\/produto\/botulim\/\" class=\"premium-woo-product__link\"><h2 class=\"woocommerce-loop-product__title\">S\u00e9rum Botulim<\/h2><\/a>\n\t<span class=\"price\"><span class=\"woocommerce-Price-amount amount\"><bdi><span class=\"woocommerce-Price-currencySymbol\">&#82;&#36;<\/span>&nbsp;169,90<\/bdi><\/span><\/span>\n<div class=\"premium-woo-atc-button\" ><a href=\"\/index.php\/wp-json\/wp\/v2\/pages\/436?add-to-cart=570\" aria-describedby=\"woocommerce_loop_add_to_cart_link_describedby_570\" data-quantity=\"1\" class=\"button product_type_simple add_to_cart_button ajax_add_to_cart\" data-product_id=\"570\" data-product_sku=\"\" aria-label=\"Adicione ao carrinho: &ldquo;S\u00e9rum Botulim&rdquo;\" rel=\"nofollow\" data-success_message=\"\u201cS\u00e9rum Botulim\u201d foi adicionado ao seu carrinho\" role=\"button\">Adicionar ao carrinho<\/a>\t<span id=\"woocommerce_loop_add_to_cart_link_describedby_570\" class=\"screen-reader-text\">\n\t\t\t<\/span>\n<\/div><\/div>\t<\/div>\r\n<\/li>\r\n\r\n<li class=\" post-568 product  instock shipping-taxable purchasable product-type-simple\">\r\n\t<div class=\"premium-woo-product-wrapper premium-con-lq__none\">\r\n\t\t<div class=\"premium-woo-product-thumbnail\"><a href=\"https:\/\/biofarmax.com.br\/index.php\/produto\/agua-thermal\/\" class=\"woocommerce-LoopProduct-link woocommerce-loop-product__link\"><img decoding=\"async\" src=\"https:\/\/biofarmax.com.br\/wp-content\/uploads\/2025\/11\/AGUA-THERMAL.png\" alt=\"\"><\/a><\/div><div class=\"premium-woo-products-details-wrap\"><a href=\"https:\/\/biofarmax.com.br\/index.php\/produto\/agua-thermal\/\" class=\"premium-woo-product__link\"><h2 class=\"woocommerce-loop-product__title\">\u00c1gua Thermal<\/h2><\/a>\n\t<span class=\"price\"><span class=\"woocommerce-Price-amount amount\"><bdi><span class=\"woocommerce-Price-currencySymbol\">&#82;&#36;<\/span>&nbsp;69,90<\/bdi><\/span><\/span>\n<div class=\"premium-woo-atc-button\" ><a href=\"\/index.php\/wp-json\/wp\/v2\/pages\/436?add-to-cart=568\" aria-describedby=\"woocommerce_loop_add_to_cart_link_describedby_568\" data-quantity=\"1\" class=\"button product_type_simple add_to_cart_button ajax_add_to_cart\" data-product_id=\"568\" data-product_sku=\"\" aria-label=\"Adicione ao carrinho: &ldquo;\u00c1gua Thermal&rdquo;\" rel=\"nofollow\" data-success_message=\"\u201c\u00c1gua Thermal\u201d foi adicionado ao seu carrinho\" role=\"button\">Adicionar ao carrinho<\/a>\t<span id=\"woocommerce_loop_add_to_cart_link_describedby_568\" class=\"screen-reader-text\">\n\t\t\t<\/span>\n<\/div><\/div>\t<\/div>\r\n<\/li>\r\n\r\n<li class=\" post-566 product last instock shipping-taxable purchasable product-type-simple\">\r\n\t<div class=\"premium-woo-product-wrapper premium-con-lq__none\">\r\n\t\t<div class=\"premium-woo-product-thumbnail\"><a href=\"https:\/\/biofarmax.com.br\/index.php\/produto\/magic-serum\/\" class=\"woocommerce-LoopProduct-link woocommerce-loop-product__link\"><img decoding=\"async\" src=\"https:\/\/biofarmax.com.br\/wp-content\/uploads\/2025\/11\/MAGIC-SERUM.png\" alt=\"\"><\/a><\/div><div class=\"premium-woo-products-details-wrap\"><a href=\"https:\/\/biofarmax.com.br\/index.php\/produto\/magic-serum\/\" class=\"premium-woo-product__link\"><h2 class=\"woocommerce-loop-product__title\">Magic Serum<\/h2><\/a>\n\t<span class=\"price\"><span class=\"woocommerce-Price-amount amount\"><bdi><span class=\"woocommerce-Price-currencySymbol\">&#82;&#36;<\/span>&nbsp;69,90<\/bdi><\/span><\/span>\n<div class=\"premium-woo-atc-button\" ><a href=\"\/index.php\/wp-json\/wp\/v2\/pages\/436?add-to-cart=566\" aria-describedby=\"woocommerce_loop_add_to_cart_link_describedby_566\" data-quantity=\"1\" class=\"button product_type_simple add_to_cart_button ajax_add_to_cart\" data-product_id=\"566\" data-product_sku=\"\" aria-label=\"Adicione ao carrinho: &ldquo;Magic Serum&rdquo;\" rel=\"nofollow\" data-success_message=\"\u201cMagic Serum\u201d foi adicionado ao seu carrinho\" role=\"button\">Adicionar ao carrinho<\/a>\t<span id=\"woocommerce_loop_add_to_cart_link_describedby_566\" class=\"screen-reader-text\">\n\t\t\t<\/span>\n<\/div><\/div>\t<\/div>\r\n<\/li>\r\n<\/ul>\n<\/div><\/div>\t\t\t\t<\/div>\n\t\t\t\t<\/div>\n\t\t\t\t\t<\/div>\n\t\t\t\t<\/div>\n\t\t<div class=\"elementor-element elementor-element-e13b564 e-flex e-con-boxed e-con e-parent\" data-id=\"e13b564\" data-element_type=\"container\" data-e-type=\"container\">\n\t\t\t\t\t<div class=\"e-con-inner\">\n\t\t\t\t<div class=\"elementor-element elementor-element-da424f5 elementor-widget elementor-widget-spacer\" data-id=\"da424f5\" data-element_type=\"widget\" data-e-type=\"widget\" data-widget_type=\"spacer.default\">\n\t\t\t\t\t\t\t<div class=\"elementor-spacer\">\n\t\t\t<div class=\"elementor-spacer-inner\"><\/div>\n\t\t<\/div>\n\t\t\t\t\t\t<\/div>\n\t\t\t\t\t<\/div>\n\t\t\t\t<\/div>\n\t\t<div class=\"elementor-element elementor-element-ed99435 e-grid e-con-boxed e-con e-parent\" data-id=\"ed99435\" data-element_type=\"container\" data-e-type=\"container\" data-settings=\"{&quot;background_background&quot;:&quot;gradient&quot;}\">\n\t\t\t\t\t<div class=\"e-con-inner\">\n\t\t\t\t<div class=\"elementor-element elementor-element-055dd04 elementor-widget elementor-widget-image\" data-id=\"055dd04\" data-element_type=\"widget\" data-e-type=\"widget\" data-widget_type=\"image.default\">\n\t\t\t\t\t\t\t\t\t\t\t\t\t\t\t<img loading=\"lazy\" decoding=\"async\" width=\"800\" height=\"800\" src=\"https:\/\/biofarmax.com.br\/wp-content\/uploads\/2025\/11\/SERUM-COM-ACIDO.png\" class=\"attachment-large size-large wp-image-561\" alt=\"\" srcset=\"https:\/\/biofarmax.com.br\/wp-content\/uploads\/2025\/11\/SERUM-COM-ACIDO.png 1000w, https:\/\/biofarmax.com.br\/wp-content\/uploads\/2025\/11\/SERUM-COM-ACIDO-300x300.png 300w, https:\/\/biofarmax.com.br\/wp-content\/uploads\/2025\/11\/SERUM-COM-ACIDO-150x150.png 150w, https:\/\/biofarmax.com.br\/wp-content\/uploads\/2025\/11\/SERUM-COM-ACIDO-768x768.png 768w, https:\/\/biofarmax.com.br\/wp-content\/uploads\/2025\/11\/SERUM-COM-ACIDO-600x600.png 600w, https:\/\/biofarmax.com.br\/wp-content\/uploads\/2025\/11\/SERUM-COM-ACIDO-100x100.png 100w\" sizes=\"(max-width: 800px) 100vw, 800px\" \/>\t\t\t\t\t\t\t\t\t\t\t\t\t\t\t<\/div>\n\t\t<div class=\"elementor-element elementor-element-d77b291 e-grid e-con-full e-con e-child\" data-id=\"d77b291\" data-element_type=\"container\" data-e-type=\"container\">\n\t\t\t\t<div class=\"elementor-element elementor-element-2ea7b43 elementor-widget elementor-widget-heading\" data-id=\"2ea7b43\" data-element_type=\"widget\" data-e-type=\"widget\" data-widget_type=\"heading.default\">\n\t\t\t\t\t<h5 class=\"elementor-heading-title elementor-size-default\">#destaquedom\u00eas<\/h5>\t\t\t\t<\/div>\n\t\t\t\t<div class=\"elementor-element elementor-element-f085793 elementor-widget elementor-widget-heading\" data-id=\"f085793\" data-element_type=\"widget\" data-e-type=\"widget\" data-widget_type=\"heading.default\">\n\t\t\t\t\t<h2 class=\"elementor-heading-title elementor-size-default\">Serum Hidratante com \u00c1cido Hialuronico<\/h2>\t\t\t\t<\/div>\n\t\t\t\t<div class=\"elementor-element elementor-element-79f0683 elementor-widget elementor-widget-text-editor\" data-id=\"79f0683\" data-element_type=\"widget\" data-e-type=\"widget\" data-widget_type=\"text-editor.default\">\n\t\t\t\t\t\t\t\t\t<p>Promove hidrata\u00e7\u00e3o intensa, preenchimento r\u00e1pido e repara\u00e7\u00e3o profunda, com a\u00e7\u00e3o calmante.<\/p>\t\t\t\t\t\t\t\t<\/div>\n\t\t\t\t<div class=\"elementor-element elementor-element-47b2c96 elementor-align-center elementor-widget elementor-widget-button\" data-id=\"47b2c96\" data-element_type=\"widget\" data-e-type=\"widget\" data-widget_type=\"button.default\">\n\t\t\t\t\t\t\t\t\t\t<a class=\"elementor-button elementor-button-link elementor-size-sm\" href=\"https:\/\/biofarmax.com.br\/index.php\/produto\/serum-hidratante-com-acido-hialuronico\/\">\n\t\t\t\t\t\t<span class=\"elementor-button-content-wrapper\">\n\t\t\t\t\t\t\t\t\t<span class=\"elementor-button-text\">EU QUERO<\/span>\n\t\t\t\t\t<\/span>\n\t\t\t\t\t<\/a>\n\t\t\t\t\t\t\t\t<\/div>\n\t\t\t\t<\/div>\n\t\t\t\t\t<\/div>\n\t\t\t\t<\/div>\n\t\t<div class=\"elementor-element elementor-element-d8a4e11 e-flex e-con-boxed e-con e-parent\" data-id=\"d8a4e11\" data-element_type=\"container\" data-e-type=\"container\">\n\t\t\t\t\t<div class=\"e-con-inner\">\n\t\t\t\t<div class=\"elementor-element elementor-element-bd8dd83 elementor-widget elementor-widget-spacer\" data-id=\"bd8dd83\" data-element_type=\"widget\" data-e-type=\"widget\" data-widget_type=\"spacer.default\">\n\t\t\t\t\t\t\t<div class=\"elementor-spacer\">\n\t\t\t<div class=\"elementor-spacer-inner\"><\/div>\n\t\t<\/div>\n\t\t\t\t\t\t<\/div>\n\t\t\t\t\t<\/div>\n\t\t\t\t<\/div>\n\t\t\t\t<\/div>\n\t\t","protected":false},"excerpt":{"rendered":"<p>Queridinhos da Biobeauty Redutor de Medidas em Capsulas &#82;&#36;&nbsp;10,00 Adicionar ao carrinho PDRN &#82;&#36;&nbsp;10,00 Adicionar ao carrinho Promo\u00e7\u00e3o Gloss Nic Rose &#82;&#36;&nbsp;89,00 O pre\u00e7o original era: &#082;&#036;&nbsp;89,00.&#82;&#36;&nbsp;69,00O pre\u00e7o atual \u00e9: &#082;&#036;&nbsp;69,00. Adicionar ao carrinho Promo\u00e7\u00e3o Gloss Any Red &#82;&#36;&nbsp;89,00 O pre\u00e7o original era: &#082;&#036;&nbsp;89,00.&#82;&#36;&nbsp;69,00O pre\u00e7o atual \u00e9: &#082;&#036;&nbsp;69,00. Adicionar ao carrinho Promo\u00e7\u00e3o Hidratante Facial Noturno [&hellip;]<\/p>\n","protected":false},"author":1,"featured_media":0,"parent":0,"menu_order":0,"comment_status":"closed","ping_status":"closed","template":"","meta":{"footnotes":""},"class_list":["post-436","page","type-page","status-publish","hentry"],"_links":{"self":[{"href":"https:\/\/biofarmax.com.br\/index.php\/wp-json\/wp\/v2\/pages\/436","targetHints":{"allow":["GET"]}}],"collection":[{"href":"https:\/\/biofarmax.com.br\/index.php\/wp-json\/wp\/v2\/pages"}],"about":[{"href":"https:\/\/biofarmax.com.br\/index.php\/wp-json\/wp\/v2\/types\/page"}],"author":[{"embeddable":true,"href":"https:\/\/biofarmax.com.br\/index.php\/wp-json\/wp\/v2\/users\/1"}],"replies":[{"embeddable":true,"href":"https:\/\/biofarmax.com.br\/index.php\/wp-json\/wp\/v2\/comments?post=436"}],"version-history":[{"count":57,"href":"https:\/\/biofarmax.com.br\/index.php\/wp-json\/wp\/v2\/pages\/436\/revisions"}],"predecessor-version":[{"id":661,"href":"https:\/\/biofarmax.com.br\/index.php\/wp-json\/wp\/v2\/pages\/436\/revisions\/661"}],"wp:attachment":[{"href":"https:\/\/biofarmax.com.br\/index.php\/wp-json\/wp\/v2\/media?parent=436"}],"curies":[{"name":"wp","href":"https:\/\/api.w.org\/{rel}","templated":true}]}}